{"id":5073,"date":"2024-09-17T15:23:59","date_gmt":"2024-09-17T13:23:59","guid":{"rendered":"https:\/\/www.canary-productions.com\/?page_id=5073"},"modified":"2025-11-19T13:05:50","modified_gmt":"2025-11-19T12:05:50","slug":"produkte-und-dienstleistungen","status":"publish","type":"page","link":"https:\/\/www.canary-productions.com\/de\/produkte-und-dienstleistungen\/","title":{"rendered":"Produkte und Dienstleistungen"},"content":{"rendered":"<section class=\"l-section wpb_row us_custom_f1a4f275 us_animate_this height_medium\"><div class=\"l-section-h i-cf\"><div class=\"g-cols vc_row via_grid cols_1 laptops-cols_inherit tablets-cols_inherit mobiles-cols_1 valign_top type_default stacking_default\"><div class=\"wpb_column vc_column_container\"><div class=\"vc_column-inner\"><h1 class=\"w-text us_custom_eb849559\"><span class=\"w-text-h\"><span class=\"w-text-value\">PRODUKTE UND DIENSTLEISTUNGEN<\/span><\/span><\/h1><div class=\"wpb_text_column\"><div class=\"wpb_wrapper\"><p style=\"text-align: center;\">Canary Productions ist eine Produktionsfirma auf den Kanarischen Inseln, die f\u00fcr ihre umfassende Erfahrung, ihre logistische und kreative F\u00e4higkeit, sowie f\u00fcr die erfolgreiche Produktion von Filmen, Werbespots, Musikvideos, Fotoshootings, Standfotos, TV- und Reality-Shows-Dokumentarfilm, usw.<\/p>\n<\/div><\/div><\/div><\/div><\/div><\/div><\/section><section class=\"l-section wpb_row us_custom_1bd52797 us_animate_this height_auto width_full\"><div class=\"l-section-h i-cf\"><div class=\"g-cols vc_row via_grid cols_2 laptops-cols_inherit tablets-cols_inherit mobiles-cols_1 valign_middle type_default stacking_default\"><div class=\"wpb_column vc_column_container us_custom_f1d8a8f5 has_bg_color\"><div class=\"vc_column-inner\"><\/div><\/div><div class=\"wpb_column vc_column_container us_custom_874534bd\"><div class=\"vc_column-inner\"><div class=\"w-separator size_small\"><\/div><h3 class=\"w-text us_custom_eb849559\"><span class=\"w-text-h\"><span class=\"w-text-value\">Filme und Serien<\/span><\/span><\/h3><div class=\"wpb_text_column\"><div class=\"wpb_wrapper\"><p style=\"text-align: center;\">Canary Productions war an einer gro\u00dfen Vielfalt von Filmen und Blockbustern beteiligt. Bei uns finden alle Produktionen einen Platz, obgleich es amerikanische, europ\u00e4ische, spanische oder kanarische Produktionen sind.<\/p>\n<p style=\"text-align: center;\">Wir haben bereits an einer gro\u00dfen und abwechslungsreichen Anzahl von Produktionen aller Art wie Fast &amp; Furious 6, Stranger Within oder Montevideo mitgearbeitet. Und wir sind immer bereit f\u00fcr mehr!<\/p>\n<\/div><\/div><div class=\"w-separator size_small\"><\/div><div class=\"w-btn-wrapper align_center\"><a class=\"w-btn us-btn-style_1\" href=\"https:\/\/www.canary-productions.com\/de\/filme-und-serien\/\"><span class=\"w-btn-label\">MEHR SEHEN<\/span><\/a><\/div><\/div><\/div><\/div><\/div><\/section><section class=\"l-section wpb_row us_custom_6bbde437 us_animate_this height_auto width_full\"><div class=\"l-section-h i-cf\"><div class=\"g-cols vc_row via_grid cols_2 laptops-cols_inherit tablets-cols_inherit mobiles-cols_1 valign_middle type_default reversed stacking_default\"><div class=\"wpb_column vc_column_container us_custom_874534bd\"><div class=\"vc_column-inner\"><div class=\"w-separator hide_on_default hide_on_laptops size_small\"><\/div><h3 class=\"w-text us_custom_eb849559\"><span class=\"w-text-h\"><span class=\"w-text-value\">Anreize f\u00fcr Dreharbeiten<\/span><\/span><\/h3><div class=\"wpb_text_column\"><div class=\"wpb_wrapper\"><p style=\"text-align: center;\">Die Kanarischen Inseln verf\u00fcgen \u00fcber eine besondere Steuerregelung (REF), die es ihnen erm\u00f6glicht, internationalen Produktionsunternehmen gr\u00f6\u00dfere steuerliche Anreize zu bieten als im \u00fcbrigen Spanien, und die zu den gr\u00f6\u00dften der Welt geh\u00f6rt.<\/p>\n<\/div><\/div><div class=\"w-separator size_small\"><\/div><div class=\"w-btn-wrapper align_center\"><a class=\"w-btn us-btn-style_1\" href=\"https:\/\/www.canary-productions.com\/de\/steuerliche-anreize-fuer-produktionen\/\"><span class=\"w-btn-label\">MEHR SEHEN<\/span><\/a><\/div><\/div><\/div><div class=\"wpb_column vc_column_container us_custom_f9cc6977 has_bg_color\"><div class=\"vc_column-inner\"><\/div><\/div><\/div><\/div><\/section><section class=\"l-section wpb_row us_custom_1bd52797 us_animate_this height_auto width_full\"><div class=\"l-section-h i-cf\"><div class=\"g-cols vc_row via_grid cols_2 laptops-cols_inherit tablets-cols_inherit mobiles-cols_1 valign_middle type_default stacking_default\"><div class=\"wpb_column vc_column_container us_custom_87df98e2 has_bg_color\"><div class=\"vc_column-inner\"><\/div><\/div><div class=\"wpb_column vc_column_container us_custom_1fa4467a\"><div class=\"vc_column-inner\"><div class=\"w-separator size_small\"><\/div><h3 class=\"w-text us_custom_eb849559\"><span class=\"w-text-h\"><span class=\"w-text-value\">Interne Ausr\u00fcstung<\/span><\/span><\/h3><div class=\"wpb_text_column\"><div class=\"wpb_wrapper\"><p style=\"text-align: center;\">Wir bieten Komplettl\u00f6sungen f\u00fcr die Produktion und Postproduktion von Filmen, Serien, Werbespots, Dokumentarfilmen und vielem mehr. Wir verf\u00fcgen \u00fcber Ausr\u00fcstungsverleih, Drohnen, Unterwasseraufnahmen, einen Fuhrpark und alle notwendigen Genehmigungen f\u00fcr Ihr Projekt.<\/p>\n<\/div><\/div><div class=\"w-separator size_small\"><\/div><div class=\"w-btn-wrapper align_center\"><a class=\"w-btn us-btn-style_1\" href=\"https:\/\/www.canary-productions.com\/de\/eigene-ausruestung-umfassende-dienstleistungen\/\"><span class=\"w-btn-label\">MEHR SEHEN<\/span><\/a><\/div><\/div><\/div><\/div><\/div><\/section><section class=\"l-section wpb_row us_custom_6bbde437 us_animate_this height_auto width_full\"><div class=\"l-section-h i-cf\"><div class=\"g-cols vc_row via_grid cols_2 laptops-cols_inherit tablets-cols_inherit mobiles-cols_1 valign_middle type_default reversed stacking_default\"><div class=\"wpb_column vc_column_container us_custom_874534bd\"><div class=\"vc_column-inner\"><div class=\"w-separator size_small\"><\/div><h3 class=\"w-text us_custom_eb849559\"><span class=\"w-text-h\"><span class=\"w-text-value\">TVC &amp; Werbesports<\/span><\/span><\/h3><div class=\"wpb_text_column\"><div class=\"wpb_wrapper\"><p style=\"text-align: center;\">Werbespots geh\u00f6ren unter anderem zu unserem wichtigsten Kapital. Aufgrund des gro\u00dfartigen Wetters auf den Kanarischen Inseln, k\u00f6nnen wir das ganze Jahr \u00fcber an Werbespots arbeiten. Eine Vielzahl von Marken wie Lamborghini, Suzuki, M Missoni, Sony, Samsung und National Geographic haben bereits von unseren Dienstleistungen profitiert.<\/p>\n<\/div><\/div><div class=\"w-separator size_small\"><\/div><div class=\"w-btn-wrapper align_center\"><a class=\"w-btn us-btn-style_1\" href=\"https:\/\/www.canary-productions.com\/de\/tvc-werbesports\/\"><span class=\"w-btn-label\">MEHR SEHEN<\/span><\/a><\/div><\/div><\/div><div class=\"wpb_column vc_column_container us_custom_da586e63 has_bg_color\"><div class=\"vc_column-inner\"><\/div><\/div><\/div><\/div><\/section><section class=\"l-section wpb_row us_custom_1bd52797 us_animate_this height_auto width_full\"><div class=\"l-section-h i-cf\"><div class=\"g-cols vc_row via_grid cols_2 laptops-cols_inherit tablets-cols_inherit mobiles-cols_1 valign_middle type_default reversed stacking_default\"><div class=\"wpb_column vc_column_container us_custom_26757f20 has_bg_color\"><div class=\"vc_column-inner\"><\/div><\/div><div class=\"wpb_column vc_column_container us_custom_cff4ca7b\"><div class=\"vc_column-inner\"><h3 class=\"w-text us_custom_eb849559\"><span class=\"w-text-h\"><span class=\"w-text-value\">Television &amp; Reality-shows<\/span><\/span><\/h3><div class=\"w-separator hide_on_default hide_on_laptops size_small\"><\/div><div class=\"wpb_text_column\"><div class=\"wpb_wrapper\"><p style=\"text-align: center;\">Canary Productions produziert Reality-Shows, Dokumentarfilm, Nachrichten, TV-Shows, Serien, sowie viele anderen Arten von TV- Aufnahmen. Schauen Sie sich unbedingt die Kampagne von Calzedonia\u2019s Ocean Girls an.<\/p>\n<\/div><\/div><div class=\"w-separator size_small\"><\/div><div class=\"w-btn-wrapper align_center\"><a class=\"w-btn us-btn-style_1\" href=\"https:\/\/www.canary-productions.com\/de\/television-reality-shows-dokumentarfilm\/\"><span class=\"w-btn-label\">MEHR SEHEN<\/span><\/a><\/div><\/div><\/div><\/div><\/div><\/section><section class=\"l-section wpb_row us_custom_6bbde437 us_animate_this height_auto width_full\"><div class=\"l-section-h i-cf\"><div class=\"g-cols vc_row via_grid cols_2 laptops-cols_inherit tablets-cols_inherit mobiles-cols_1 valign_middle type_default stacking_default\"><div class=\"wpb_column vc_column_container us_custom_09225396\"><div class=\"vc_column-inner\"><h3 class=\"w-text us_custom_eb849559\"><span class=\"w-text-h\"><span class=\"w-text-value\">Foto &amp; Fashion<\/span><\/span><\/h3><div class=\"w-separator hide_on_default hide_on_laptops size_small\"><\/div><div class=\"wpb_text_column\"><div class=\"wpb_wrapper\"><p style=\"text-align: center;\">Fotoshootings sind unsere Spezialit\u00e4t. Wir arbeiten mit den besten Fotografen, Models und Stylisten zusammen und die Gr\u00f6\u00dfe, sowie Form ist uns dabei nicht wichtig. Werfen Sie einen Blick auf unsere Fotoprojekte!<\/p>\n<\/div><\/div><div class=\"w-separator size_small\"><\/div><div class=\"w-btn-wrapper align_center\"><a class=\"w-btn us-btn-style_1\" href=\"https:\/\/www.canary-productions.com\/de\/foto-fashion\/\"><span class=\"w-btn-label\">MEHR SEHEN<\/span><\/a><\/div><\/div><\/div><div class=\"wpb_column vc_column_container us_custom_8a4c3860 has_bg_color\"><div class=\"vc_column-inner\"><\/div><\/div><\/div><\/div><\/section><section class=\"l-section wpb_row us_custom_80d7ea66 us_animate_this height_auto width_full\"><div class=\"l-section-h i-cf\"><div class=\"g-cols vc_row via_grid cols_2 laptops-cols_inherit tablets-cols_inherit mobiles-cols_1 valign_middle type_default stacking_default\"><div class=\"wpb_column vc_column_container us_custom_5ed39351 has_bg_color\"><div class=\"vc_column-inner\"><\/div><\/div><div class=\"wpb_column vc_column_container us_custom_6c94a238\"><div class=\"vc_column-inner\"><div class=\"w-separator hide_on_default hide_on_laptops hide_on_tablets hide_on_mobiles size_small\"><\/div><h3 class=\"w-text us_custom_eb849559\"><a href=\"https:\/\/www.canary-productions.com\/de\/videoclip\/\" class=\"w-text-h\"><span class=\"w-text-value\">Musikvideos<\/span><\/a><\/h3><div class=\"wpb_text_column\"><div class=\"wpb_wrapper\"><p style=\"text-align: center;\">Wir von Canary Productions produzieren sehr gerne Musikvideos! Es macht immer gro\u00dfen Spa\u00df mit Musikern und T\u00e4nzern zusammenzuarbeiten, wie das Musikvideo, welches wir f\u00fcr Maria Mena produziert haben.<\/p>\n<\/div><\/div><div class=\"w-separator size_small\"><\/div><div class=\"w-btn-wrapper align_center\"><a class=\"w-btn us-btn-style_1\" href=\"https:\/\/www.canary-productions.com\/de\/videoclip\/\"><span class=\"w-btn-label\">MEHR SEHEN<\/span><\/a><\/div><\/div><\/div><\/div><\/div><\/section><section class=\"l-section wpb_row height_medium\"><div class=\"l-section-h i-cf\"><div class=\"g-cols vc_row via_grid cols_1 laptops-cols_inherit tablets-cols_inherit mobiles-cols_1 valign_top type_default stacking_default\"><div class=\"wpb_column vc_column_container\"><div class=\"vc_column-inner\"><div class=\"w-hwrapper valign_baseline align_center\"><h3 class=\"w-text us_custom_eb849559\"><span class=\"w-text-h\"><span class=\"w-text-value\">Haben Sie Fragen? Bitte wenden Sie sich an unser<\/span><\/span><\/h3><div class=\"w-btn-wrapper align_center\"><a class=\"w-btn us-btn-style_1\" href=\"https:\/\/www.canary-productions.com\/de\/faqs\/#About-us\"><span class=\"w-btn-label\">FAQs<\/span><\/a><\/div><\/div><div class=\"wpb_text_column\"><div class=\"wpb_wrapper\"><p style=\"text-align: center;\"><b>oder kontaktieren Sie uns direkt unter <a href=\"mailto:info@canary-productions.com\" target=\"_blank\" rel=\"noopener\">info@canary-productions.com<\/a><\/b><\/p>\n<\/div><\/div><div class=\"w-separator size_small\"><\/div><\/div><\/div><\/div><\/div><\/section>\n","protected":false},"excerpt":{"rendered":"PRODUKTE UND DIENSTLEISTUNGENCanary Productions ist eine Produktionsfirma auf den Kanarischen Inseln, die f\u00fcr ihre umfassende Erfahrung, ihre logistische und kreative F\u00e4higkeit, sowie f\u00fcr die erfolgreiche Produktion von Filmen, Werbespots, Musikvideos, Fotoshootings, Standfotos, TV- und Reality-Shows-Dokumentarfilm, usw. Filme und SerienCanary Productions war an einer gro\u00dfen Vielfalt von Filmen und Blockbustern beteiligt. Bei uns finden alle Produktionen...","protected":false},"author":1,"featured_media":6051,"parent":0,"menu_order":0,"comment_status":"closed","ping_status":"closed","template":"","meta":{"_joinchat":[],"footnotes":""},"class_list":["post-5073","page","type-page","status-publish","has-post-thumbnail","hentry"],"yoast_head":"<!-- This site is optimized with the Yoast SEO Premium plugin v26.2 (Yoast SEO v26.2) - https:\/\/yoast.com\/wordpress\/plugins\/seo\/ -->\n<title>Produkte und Dienstleistungen - Canary Productions | Produktionsfirma auf den Kanarischen Inseln<\/title>\n<meta name=\"description\" content=\"Produktionsfirma auf den Kanarischen Inseln mit internationaler Erfahrung. Kino, Werbespots, Videoclips und Fotografie mit Komplettl\u00f6sungen.\" \/>\n<meta name=\"robots\" content=\"index, follow, max-snippet:-1, max-image-preview:large, max-video-preview:-1\" \/>\n<link rel=\"canonical\" href=\"https:\/\/www.canary-productions.com\/de\/produkte-und-dienstleistungen\/\" \/>\n<meta property=\"og:locale\" content=\"de_DE\" \/>\n<meta property=\"og:type\" content=\"article\" \/>\n<meta property=\"og:title\" content=\"Canary Productions - Produktionsfirma und Produktionsservice f\u00fcr Film, Fotografie, Werbespots und Fernsehen.\" \/>\n<meta property=\"og:description\" content=\"Internationaler Produktionsservice f\u00fcr Projekte in den Bereichen Film, Fotografie, Werbespots und Fernsehen auf den Kanarischen Inseln.\" \/>\n<meta property=\"og:url\" content=\"https:\/\/www.canary-productions.com\/de\/produkte-und-dienstleistungen\/\" \/>\n<meta property=\"og:site_name\" content=\"Canary Productions\" \/>\n<meta property=\"article:publisher\" content=\"https:\/\/www.facebook.com\/CanaryProductionsInternacionalServices\/\" \/>\n<meta property=\"article:modified_time\" content=\"2025-11-19T12:05:50+00:00\" \/>\n<meta property=\"og:image\" content=\"https:\/\/www.canary-productions.com\/wp-content\/uploads\/2025\/11\/canary-productions.png\" \/>\n\t<meta property=\"og:image:width\" content=\"512\" \/>\n\t<meta property=\"og:image:height\" content=\"512\" \/>\n\t<meta property=\"og:image:type\" content=\"image\/png\" \/>\n<meta name=\"twitter:card\" content=\"summary_large_image\" \/>\n<meta name=\"twitter:title\" content=\"Canary Productions - Produktionsfirma und Produktionsservice f\u00fcr Film, Fotografie, Werbespots und Fernsehen.\" \/>\n<meta name=\"twitter:description\" content=\"Internationaler Produktionsservice f\u00fcr Projekte in den Bereichen Film, Fotografie, Werbespots und Fernsehen auf den Kanarischen Inseln.\" \/>\n<meta name=\"twitter:image\" content=\"https:\/\/www.canary-productions.com\/wp-content\/uploads\/2025\/11\/canary-productions-horizontal.png\" \/>\n<meta name=\"twitter:label1\" content=\"Gesch\u00e4tzte Lesezeit\" \/>\n\t<meta name=\"twitter:data1\" content=\"3\u00a0Minuten\" \/>\n<script type=\"application\/ld+json\" class=\"yoast-schema-graph\">{\"@context\":\"https:\/\/schema.org\",\"@graph\":[{\"@type\":\"WebPage\",\"@id\":\"https:\/\/www.canary-productions.com\/de\/produkte-und-dienstleistungen\/\",\"url\":\"https:\/\/www.canary-productions.com\/de\/produkte-und-dienstleistungen\/\",\"name\":\"Produkte und Dienstleistungen - Canary Productions | Produktionsfirma auf den Kanarischen Inseln\",\"isPartOf\":{\"@id\":\"https:\/\/www.canary-productions.com\/de\/#website\"},\"primaryImageOfPage\":{\"@id\":\"https:\/\/www.canary-productions.com\/de\/produkte-und-dienstleistungen\/#primaryimage\"},\"image\":{\"@id\":\"https:\/\/www.canary-productions.com\/de\/produkte-und-dienstleistungen\/#primaryimage\"},\"thumbnailUrl\":\"https:\/\/www.canary-productions.com\/wp-content\/uploads\/2025\/11\/canary-productions.png\",\"datePublished\":\"2024-09-17T13:23:59+00:00\",\"dateModified\":\"2025-11-19T12:05:50+00:00\",\"description\":\"Produktionsfirma auf den Kanarischen Inseln mit internationaler Erfahrung. Kino, Werbespots, Videoclips und Fotografie mit Komplettl\u00f6sungen.\",\"breadcrumb\":{\"@id\":\"https:\/\/www.canary-productions.com\/de\/produkte-und-dienstleistungen\/#breadcrumb\"},\"inLanguage\":\"de\",\"potentialAction\":[{\"@type\":\"ReadAction\",\"target\":[\"https:\/\/www.canary-productions.com\/de\/produkte-und-dienstleistungen\/\"]}]},{\"@type\":\"ImageObject\",\"inLanguage\":\"de\",\"@id\":\"https:\/\/www.canary-productions.com\/de\/produkte-und-dienstleistungen\/#primaryimage\",\"url\":\"https:\/\/www.canary-productions.com\/wp-content\/uploads\/2025\/11\/canary-productions.png\",\"contentUrl\":\"https:\/\/www.canary-productions.com\/wp-content\/uploads\/2025\/11\/canary-productions.png\",\"width\":512,\"height\":512,\"caption\":\"canary productions\"},{\"@type\":\"BreadcrumbList\",\"@id\":\"https:\/\/www.canary-productions.com\/de\/produkte-und-dienstleistungen\/#breadcrumb\",\"itemListElement\":[{\"@type\":\"ListItem\",\"position\":1,\"name\":\"Portada\",\"item\":\"https:\/\/www.canary-productions.com\/de\/\"},{\"@type\":\"ListItem\",\"position\":2,\"name\":\"Produkte und Dienstleistungen\"}]},{\"@type\":\"WebSite\",\"@id\":\"https:\/\/www.canary-productions.com\/de\/#website\",\"url\":\"https:\/\/www.canary-productions.com\/de\/\",\"name\":\"Canary Productions\",\"description\":\"Servicios de producci\u00f3n internacional para cine, fotograf\u00eda, anuncios publicitarios y proyectos televisivos en las Islas Canarias.\",\"publisher\":{\"@id\":\"https:\/\/www.canary-productions.com\/de\/#organization\"},\"potentialAction\":[{\"@type\":\"SearchAction\",\"target\":{\"@type\":\"EntryPoint\",\"urlTemplate\":\"https:\/\/www.canary-productions.com\/de\/?s={search_term_string}\"},\"query-input\":{\"@type\":\"PropertyValueSpecification\",\"valueRequired\":true,\"valueName\":\"search_term_string\"}}],\"inLanguage\":\"de\"},{\"@type\":[\"Organization\",\"Place\"],\"@id\":\"https:\/\/www.canary-productions.com\/de\/#organization\",\"name\":\"Canary Productions\",\"alternateName\":\"Canary Productions\",\"url\":\"https:\/\/www.canary-productions.com\/de\/\",\"logo\":{\"@id\":\"https:\/\/www.canary-productions.com\/de\/produkte-und-dienstleistungen\/#local-main-organization-logo\"},\"image\":{\"@id\":\"https:\/\/www.canary-productions.com\/de\/produkte-und-dienstleistungen\/#local-main-organization-logo\"},\"sameAs\":[\"https:\/\/www.facebook.com\/CanaryProductionsInternacionalServices\/\",\"https:\/\/www.instagram.com\/canaryproductions\/\",\"https:\/\/vimeo.com\/canaryproductions\",\"https:\/\/www.linkedin.com\/company\/canary-productions-inc\/\",\"https:\/\/www.imdb.com\/name\/nm0956893\/?ref_=nv_sr_srsg_4_tt_0_nm_8_in_0_q_gadi\"],\"description\":\"Canary Productions es conocida por su amplia experiencia, sus habilidades log\u00edsticas y creativas, y por producir con \u00e9xito pel\u00edculas, anuncios, videos musicales, sesiones fotogr\u00e1ficas, televisi\u00f3n, reality, documentales, etc.\",\"telephone\":[],\"openingHoursSpecification\":[{\"@type\":\"OpeningHoursSpecification\",\"dayOfWeek\":[\"Monday\",\"Tuesday\",\"Wednesday\",\"Thursday\",\"Friday\",\"Saturday\",\"Sunday\"],\"opens\":\"09:00\",\"closes\":\"17:00\"}]},{\"@type\":\"ImageObject\",\"inLanguage\":\"de\",\"@id\":\"https:\/\/www.canary-productions.com\/de\/produkte-und-dienstleistungen\/#local-main-organization-logo\",\"url\":\"https:\/\/www.canary-productions.com\/wp-content\/uploads\/2025\/11\/canary-productions.png\",\"contentUrl\":\"https:\/\/www.canary-productions.com\/wp-content\/uploads\/2025\/11\/canary-productions.png\",\"width\":512,\"height\":512,\"caption\":\"Canary Productions\"}]}<\/script>\n<!-- \/ Yoast SEO Premium plugin. -->","yoast_head_json":{"title":"Produkte und Dienstleistungen - Canary Productions | Produktionsfirma auf den Kanarischen Inseln","description":"Produktionsfirma auf den Kanarischen Inseln mit internationaler Erfahrung. Kino, Werbespots, Videoclips und Fotografie mit Komplettl\u00f6sungen.","robots":{"index":"index","follow":"follow","max-snippet":"max-snippet:-1","max-image-preview":"max-image-preview:large","max-video-preview":"max-video-preview:-1"},"canonical":"https:\/\/www.canary-productions.com\/de\/produkte-und-dienstleistungen\/","og_locale":"de_DE","og_type":"article","og_title":"Canary Productions - Produktionsfirma und Produktionsservice f\u00fcr Film, Fotografie, Werbespots und Fernsehen.","og_description":"Internationaler Produktionsservice f\u00fcr Projekte in den Bereichen Film, Fotografie, Werbespots und Fernsehen auf den Kanarischen Inseln.","og_url":"https:\/\/www.canary-productions.com\/de\/produkte-und-dienstleistungen\/","og_site_name":"Canary Productions","article_publisher":"https:\/\/www.facebook.com\/CanaryProductionsInternacionalServices\/","article_modified_time":"2025-11-19T12:05:50+00:00","og_image":[{"width":512,"height":512,"url":"https:\/\/www.canary-productions.com\/wp-content\/uploads\/2025\/11\/canary-productions.png","type":"image\/png"}],"twitter_card":"summary_large_image","twitter_title":"Canary Productions - Produktionsfirma und Produktionsservice f\u00fcr Film, Fotografie, Werbespots und Fernsehen.","twitter_description":"Internationaler Produktionsservice f\u00fcr Projekte in den Bereichen Film, Fotografie, Werbespots und Fernsehen auf den Kanarischen Inseln.","twitter_image":"https:\/\/www.canary-productions.com\/wp-content\/uploads\/2025\/11\/canary-productions-horizontal.png","twitter_misc":{"Gesch\u00e4tzte Lesezeit":"3\u00a0Minuten"},"schema":{"@context":"https:\/\/schema.org","@graph":[{"@type":"WebPage","@id":"https:\/\/www.canary-productions.com\/de\/produkte-und-dienstleistungen\/","url":"https:\/\/www.canary-productions.com\/de\/produkte-und-dienstleistungen\/","name":"Produkte und Dienstleistungen - Canary Productions | Produktionsfirma auf den Kanarischen Inseln","isPartOf":{"@id":"https:\/\/www.canary-productions.com\/de\/#website"},"primaryImageOfPage":{"@id":"https:\/\/www.canary-productions.com\/de\/produkte-und-dienstleistungen\/#primaryimage"},"image":{"@id":"https:\/\/www.canary-productions.com\/de\/produkte-und-dienstleistungen\/#primaryimage"},"thumbnailUrl":"https:\/\/www.canary-productions.com\/wp-content\/uploads\/2025\/11\/canary-productions.png","datePublished":"2024-09-17T13:23:59+00:00","dateModified":"2025-11-19T12:05:50+00:00","description":"Produktionsfirma auf den Kanarischen Inseln mit internationaler Erfahrung. Kino, Werbespots, Videoclips und Fotografie mit Komplettl\u00f6sungen.","breadcrumb":{"@id":"https:\/\/www.canary-productions.com\/de\/produkte-und-dienstleistungen\/#breadcrumb"},"inLanguage":"de","potentialAction":[{"@type":"ReadAction","target":["https:\/\/www.canary-productions.com\/de\/produkte-und-dienstleistungen\/"]}]},{"@type":"ImageObject","inLanguage":"de","@id":"https:\/\/www.canary-productions.com\/de\/produkte-und-dienstleistungen\/#primaryimage","url":"https:\/\/www.canary-productions.com\/wp-content\/uploads\/2025\/11\/canary-productions.png","contentUrl":"https:\/\/www.canary-productions.com\/wp-content\/uploads\/2025\/11\/canary-productions.png","width":512,"height":512,"caption":"canary productions"},{"@type":"BreadcrumbList","@id":"https:\/\/www.canary-productions.com\/de\/produkte-und-dienstleistungen\/#breadcrumb","itemListElement":[{"@type":"ListItem","position":1,"name":"Portada","item":"https:\/\/www.canary-productions.com\/de\/"},{"@type":"ListItem","position":2,"name":"Produkte und Dienstleistungen"}]},{"@type":"WebSite","@id":"https:\/\/www.canary-productions.com\/de\/#website","url":"https:\/\/www.canary-productions.com\/de\/","name":"Canary Productions","description":"Servicios de producci\u00f3n internacional para cine, fotograf\u00eda, anuncios publicitarios y proyectos televisivos en las Islas Canarias.","publisher":{"@id":"https:\/\/www.canary-productions.com\/de\/#organization"},"potentialAction":[{"@type":"SearchAction","target":{"@type":"EntryPoint","urlTemplate":"https:\/\/www.canary-productions.com\/de\/?s={search_term_string}"},"query-input":{"@type":"PropertyValueSpecification","valueRequired":true,"valueName":"search_term_string"}}],"inLanguage":"de"},{"@type":["Organization","Place"],"@id":"https:\/\/www.canary-productions.com\/de\/#organization","name":"Canary Productions","alternateName":"Canary Productions","url":"https:\/\/www.canary-productions.com\/de\/","logo":{"@id":"https:\/\/www.canary-productions.com\/de\/produkte-und-dienstleistungen\/#local-main-organization-logo"},"image":{"@id":"https:\/\/www.canary-productions.com\/de\/produkte-und-dienstleistungen\/#local-main-organization-logo"},"sameAs":["https:\/\/www.facebook.com\/CanaryProductionsInternacionalServices\/","https:\/\/www.instagram.com\/canaryproductions\/","https:\/\/vimeo.com\/canaryproductions","https:\/\/www.linkedin.com\/company\/canary-productions-inc\/","https:\/\/www.imdb.com\/name\/nm0956893\/?ref_=nv_sr_srsg_4_tt_0_nm_8_in_0_q_gadi"],"description":"Canary Productions es conocida por su amplia experiencia, sus habilidades log\u00edsticas y creativas, y por producir con \u00e9xito pel\u00edculas, anuncios, videos musicales, sesiones fotogr\u00e1ficas, televisi\u00f3n, reality, documentales, etc.","telephone":[],"openingHoursSpecification":[{"@type":"OpeningHoursSpecification","dayOfWeek":["Monday","Tuesday","Wednesday","Thursday","Friday","Saturday","Sunday"],"opens":"09:00","closes":"17:00"}]},{"@type":"ImageObject","inLanguage":"de","@id":"https:\/\/www.canary-productions.com\/de\/produkte-und-dienstleistungen\/#local-main-organization-logo","url":"https:\/\/www.canary-productions.com\/wp-content\/uploads\/2025\/11\/canary-productions.png","contentUrl":"https:\/\/www.canary-productions.com\/wp-content\/uploads\/2025\/11\/canary-productions.png","width":512,"height":512,"caption":"Canary Productions"}]}},"_links":{"self":[{"href":"https:\/\/www.canary-productions.com\/de\/wp-json\/wp\/v2\/pages\/5073","targetHints":{"allow":["GET"]}}],"collection":[{"href":"https:\/\/www.canary-productions.com\/de\/wp-json\/wp\/v2\/pages"}],"about":[{"href":"https:\/\/www.canary-productions.com\/de\/wp-json\/wp\/v2\/types\/page"}],"author":[{"embeddable":true,"href":"https:\/\/www.canary-productions.com\/de\/wp-json\/wp\/v2\/users\/1"}],"replies":[{"embeddable":true,"href":"https:\/\/www.canary-productions.com\/de\/wp-json\/wp\/v2\/comments?post=5073"}],"version-history":[{"count":0,"href":"https:\/\/www.canary-productions.com\/de\/wp-json\/wp\/v2\/pages\/5073\/revisions"}],"wp:featuredmedia":[{"embeddable":true,"href":"https:\/\/www.canary-productions.com\/de\/wp-json\/wp\/v2\/media\/6051"}],"wp:attachment":[{"href":"https:\/\/www.canary-productions.com\/de\/wp-json\/wp\/v2\/media?parent=5073"}],"curies":[{"name":"wp","href":"https:\/\/api.w.org\/{rel}","templated":true}]}}