{"id":5123,"date":"2024-10-07T15:42:31","date_gmt":"2024-10-07T13:42:31","guid":{"rendered":"https:\/\/www.canary-productions.com\/?page_id=5123"},"modified":"2025-11-19T12:40:02","modified_gmt":"2025-11-19T11:40:02","slug":"eigene-ausruestung-umfassende-dienstleistungen","status":"publish","type":"page","link":"https:\/\/www.canary-productions.com\/de\/eigene-ausruestung-umfassende-dienstleistungen\/","title":{"rendered":"Eigene Ausr\u00fcstung\/Umfassende Dienstleistungen"},"content":{"rendered":"<section class=\"l-section wpb_row height_small\"><div class=\"l-section-h i-cf\"><div class=\"g-cols vc_row via_grid cols_1 laptops-cols_inherit tablets-cols_inherit mobiles-cols_1 valign_top type_default stacking_default\"><div class=\"wpb_column vc_column_container\"><div class=\"vc_column-inner\"><h1 class=\"w-text us_custom_306a6d91\"><span class=\"w-text-h\"><span class=\"w-text-value\">Eigene Ausr\u00fcstung\/Umfassende Dienstleistungen<\/span><\/span><\/h1><div class=\"w-separator size_small\"><\/div><div class=\"wpb_text_column us_custom_c96a8a09\"><div class=\"wpb_wrapper\"><p style=\"text-align: center;\"><strong>Als Full Service Unternehmen f\u00fcr audiovisuelle Dienstleistungen bieten wir:<\/strong><\/p>\n<\/div><\/div><\/div><\/div><\/div><\/div><\/section><section class=\"l-section wpb_row us_custom_5920becb us_animate_this height_auto width_full\"><div class=\"l-section-h i-cf\"><div class=\"g-cols vc_row via_grid cols_2 laptops-cols_inherit tablets-cols_inherit mobiles-cols_1 valign_middle type_default stacking_default\"><div class=\"wpb_column vc_column_container\"><div class=\"vc_column-inner\"><div class=\"wpb_text_column\"><div class=\"wpb_wrapper\"><ul>\n<li>Komplette Produktionsdienstleistungen f\u00fcr Filme und Serien, Werbespots, Reality-Shows, Dokumentationen, Fotoshootings, Musikvideos und vieles mehr.<\/li>\n<li>Umfassende Postproduktionsdienste, einschlie\u00dflich der Bearbeitung von Bild, Ton und visuellen Effekten.<\/li>\n<li>Komplette Ausr\u00fcstung aus allen Abteilungen f\u00fcr Film und Fernsehen.<\/li>\n<li>Verleih von eigener Ausr\u00fcstung, einschlie\u00dflich Kameras (Film und digitales Video), Objektive, Beleuchtung und Grip, fotografischer EQ.<\/li>\n<\/ul>\n<\/div><\/div><div class=\"w-separator size_medium\"><\/div><div class=\"w-image hide_on_default hide_on_laptops align_none\"><div class=\"w-image-h\"><img decoding=\"async\" width=\"1024\" height=\"901\" src=\"https:\/\/www.canary-productions.com\/wp-content\/uploads\/2024\/11\/equipamiento-interno-1024x901.jpg\" class=\"attachment-large size-large\" alt=\"\" srcset=\"https:\/\/www.canary-productions.com\/wp-content\/uploads\/2024\/11\/equipamiento-interno-1024x901.jpg 1024w, https:\/\/www.canary-productions.com\/wp-content\/uploads\/2024\/11\/equipamiento-interno-300x264.jpg 300w, https:\/\/www.canary-productions.com\/wp-content\/uploads\/2024\/11\/equipamiento-interno.jpg 1080w\" sizes=\"(max-width: 1024px) 100vw, 1024px\" \/><\/div><\/div><\/div><\/div><div class=\"wpb_column vc_column_container us_custom_ba9c0b45 hide_on_tablets hide_on_mobiles has_bg_color\"><div class=\"vc_column-inner\"><\/div><\/div><\/div><\/div><\/section><section class=\"l-section wpb_row us_custom_ddb66dcd us_animate_this height_auto width_full\"><div class=\"l-section-h i-cf\"><div class=\"g-cols vc_row via_grid cols_2 laptops-cols_inherit tablets-cols_inherit mobiles-cols_1 valign_middle type_default stacking_default\"><div class=\"wpb_column vc_column_container us_custom_7ed1bebe hide_on_tablets hide_on_mobiles has_bg_color\"><div class=\"vc_column-inner\"><\/div><\/div><div class=\"wpb_column vc_column_container\"><div class=\"vc_column-inner\"><div class=\"wpb_text_column\"><div class=\"wpb_wrapper\"><ul>\n<li class=\"ult-responsive info-list-heading\" data-ultimate-target=\"#Info-list-wrap-8873 h3\" data-responsive-json-new=\"{\">In Spanien zugelassene Drohnen f\u00fcr alle Arten von Kameras und Filmaufnahmen, mit sehr erfahrenen lokalen Piloten und Betreibern.<\/li>\n<li class=\"ult-responsive info-list-heading\" data-ultimate-target=\"#Info-list-wrap-8873 h3\" data-responsive-json-new=\"{\">Vollst\u00e4ndiger Unterwasser- und Meeresfilmservice.<\/li>\n<li class=\"ult-responsive info-list-heading\" data-ultimate-target=\"#Info-list-wrap-8873 h3\" data-responsive-json-new=\"{\">Kompletter Fuhrpark (Personenkraftwagen, Kamera-\/EQ-Lkw, Wohnmobile, Generatoren).<\/li>\n<li class=\"ult-responsive info-list-heading\" data-ultimate-target=\"#Info-list-wrap-8873 h3\" data-responsive-json-new=\"{\">Versicherung der Produktion<\/li>\n<li class=\"ult-responsive info-list-heading\" data-ultimate-target=\"#Info-list-wrap-8873 h3\" data-responsive-json-new=\"{\">Lokalisierungsgenehmigungen<\/li>\n<li>Alles, was Sie f\u00fcr Ihre Produktion ben\u00f6tigen.<\/li>\n<\/ul>\n<\/div><\/div><div class=\"w-separator size_medium\"><\/div><div class=\"w-image hide_on_default hide_on_laptops align_none\"><div class=\"w-image-h\"><img decoding=\"async\" width=\"1024\" height=\"880\" src=\"https:\/\/www.canary-productions.com\/wp-content\/uploads\/2024\/11\/equipamiento-interno_dron-1024x880.jpg\" class=\"attachment-large size-large\" alt=\"\" srcset=\"https:\/\/www.canary-productions.com\/wp-content\/uploads\/2024\/11\/equipamiento-interno_dron-1024x880.jpg 1024w, https:\/\/www.canary-productions.com\/wp-content\/uploads\/2024\/11\/equipamiento-interno_dron-300x258.jpg 300w, https:\/\/www.canary-productions.com\/wp-content\/uploads\/2024\/11\/equipamiento-interno_dron.jpg 1080w\" sizes=\"(max-width: 1024px) 100vw, 1024px\" \/><\/div><\/div><\/div><\/div><\/div><\/div><\/section>\n","protected":false},"excerpt":{"rendered":"Eigene Ausr\u00fcstung\/Umfassende DienstleistungenAls Full Service Unternehmen f\u00fcr audiovisuelle Dienstleistungen bieten wir: Komplette Produktionsdienstleistungen f\u00fcr Filme und Serien, Werbespots, Reality-Shows, Dokumentationen, Fotoshootings, Musikvideos und vieles mehr. Umfassende Postproduktionsdienste, einschlie\u00dflich der Bearbeitung von Bild, Ton und visuellen Effekten. Komplette Ausr\u00fcstung aus allen Abteilungen f\u00fcr Film und Fernsehen. Verleih von eigener Ausr\u00fcstung, einschlie\u00dflich Kameras (Film und digitales Video),...","protected":false},"author":1,"featured_media":6051,"parent":0,"menu_order":0,"comment_status":"closed","ping_status":"closed","template":"","meta":{"_joinchat":[],"footnotes":""},"class_list":["post-5123","page","type-page","status-publish","has-post-thumbnail","hentry"],"yoast_head":"<!-- This site is optimized with the Yoast SEO Premium plugin v26.2 (Yoast SEO v26.2) - https:\/\/yoast.com\/wordpress\/plugins\/seo\/ -->\n<title>Canary Productions | Audiovisuelle Dienstleistungen aus einer Hand in den Kanaren<\/title>\n<meta name=\"description\" content=\"Audiovisuelle Dienstleistungen auf den Kanarischen Inseln mit eigener Ausr\u00fcstung. Produktion und Postproduktion, Drohnen, Logistik...\" \/>\n<meta name=\"robots\" content=\"index, follow, max-snippet:-1, max-image-preview:large, max-video-preview:-1\" \/>\n<link rel=\"canonical\" href=\"https:\/\/www.canary-productions.com\/de\/eigene-ausruestung-umfassende-dienstleistungen\/\" \/>\n<meta property=\"og:locale\" content=\"de_DE\" \/>\n<meta property=\"og:type\" content=\"article\" \/>\n<meta property=\"og:title\" content=\"Canary Productions - Produktionsfirma und Produktionsservice f\u00fcr Film, Fotografie, Werbespots und Fernsehen.\" \/>\n<meta property=\"og:description\" content=\"Internationaler Produktionsservice f\u00fcr Projekte in den Bereichen Film, Fotografie, Werbespots und Fernsehen auf den Kanarischen Inseln.\" \/>\n<meta property=\"og:url\" content=\"https:\/\/www.canary-productions.com\/de\/eigene-ausruestung-umfassende-dienstleistungen\/\" \/>\n<meta property=\"og:site_name\" content=\"Canary Productions\" \/>\n<meta property=\"article:publisher\" content=\"https:\/\/www.facebook.com\/CanaryProductionsInternacionalServices\/\" \/>\n<meta property=\"article:modified_time\" content=\"2025-11-19T11:40:02+00:00\" \/>\n<meta property=\"og:image\" content=\"https:\/\/www.canary-productions.com\/wp-content\/uploads\/2025\/11\/canary-productions.png\" \/>\n\t<meta property=\"og:image:width\" content=\"512\" \/>\n\t<meta property=\"og:image:height\" content=\"512\" \/>\n\t<meta property=\"og:image:type\" content=\"image\/png\" \/>\n<meta name=\"twitter:card\" content=\"summary_large_image\" \/>\n<meta name=\"twitter:title\" content=\"Canary Productions - Produktionsfirma und Produktionsservice f\u00fcr Film, Fotografie, Werbespots und Fernsehen.\" \/>\n<meta name=\"twitter:description\" content=\"Internationaler Produktionsservice f\u00fcr Projekte in den Bereichen Film, Fotografie, Werbespots und Fernsehen auf den Kanarischen Inseln.\" \/>\n<meta name=\"twitter:image\" content=\"https:\/\/www.canary-productions.com\/wp-content\/uploads\/2025\/11\/canary-productions-horizontal.png\" \/>\n<meta name=\"twitter:label1\" content=\"Gesch\u00e4tzte Lesezeit\" \/>\n\t<meta name=\"twitter:data1\" content=\"2\u00a0Minuten\" \/>\n<script type=\"application\/ld+json\" class=\"yoast-schema-graph\">{\"@context\":\"https:\/\/schema.org\",\"@graph\":[{\"@type\":\"WebPage\",\"@id\":\"https:\/\/www.canary-productions.com\/de\/eigene-ausruestung-umfassende-dienstleistungen\/\",\"url\":\"https:\/\/www.canary-productions.com\/de\/eigene-ausruestung-umfassende-dienstleistungen\/\",\"name\":\"Canary Productions | Audiovisuelle Dienstleistungen aus einer Hand in den Kanaren\",\"isPartOf\":{\"@id\":\"https:\/\/www.canary-productions.com\/de\/#website\"},\"primaryImageOfPage\":{\"@id\":\"https:\/\/www.canary-productions.com\/de\/eigene-ausruestung-umfassende-dienstleistungen\/#primaryimage\"},\"image\":{\"@id\":\"https:\/\/www.canary-productions.com\/de\/eigene-ausruestung-umfassende-dienstleistungen\/#primaryimage\"},\"thumbnailUrl\":\"https:\/\/www.canary-productions.com\/wp-content\/uploads\/2025\/11\/canary-productions.png\",\"datePublished\":\"2024-10-07T13:42:31+00:00\",\"dateModified\":\"2025-11-19T11:40:02+00:00\",\"description\":\"Audiovisuelle Dienstleistungen auf den Kanarischen Inseln mit eigener Ausr\u00fcstung. Produktion und Postproduktion, Drohnen, Logistik...\",\"breadcrumb\":{\"@id\":\"https:\/\/www.canary-productions.com\/de\/eigene-ausruestung-umfassende-dienstleistungen\/#breadcrumb\"},\"inLanguage\":\"de\",\"potentialAction\":[{\"@type\":\"ReadAction\",\"target\":[\"https:\/\/www.canary-productions.com\/de\/eigene-ausruestung-umfassende-dienstleistungen\/\"]}]},{\"@type\":\"ImageObject\",\"inLanguage\":\"de\",\"@id\":\"https:\/\/www.canary-productions.com\/de\/eigene-ausruestung-umfassende-dienstleistungen\/#primaryimage\",\"url\":\"https:\/\/www.canary-productions.com\/wp-content\/uploads\/2025\/11\/canary-productions.png\",\"contentUrl\":\"https:\/\/www.canary-productions.com\/wp-content\/uploads\/2025\/11\/canary-productions.png\",\"width\":512,\"height\":512,\"caption\":\"canary productions\"},{\"@type\":\"BreadcrumbList\",\"@id\":\"https:\/\/www.canary-productions.com\/de\/eigene-ausruestung-umfassende-dienstleistungen\/#breadcrumb\",\"itemListElement\":[{\"@type\":\"ListItem\",\"position\":1,\"name\":\"Portada\",\"item\":\"https:\/\/www.canary-productions.com\/de\/\"},{\"@type\":\"ListItem\",\"position\":2,\"name\":\"Eigene Ausr\u00fcstung\/Umfassende Dienstleistungen\"}]},{\"@type\":\"WebSite\",\"@id\":\"https:\/\/www.canary-productions.com\/de\/#website\",\"url\":\"https:\/\/www.canary-productions.com\/de\/\",\"name\":\"Canary Productions\",\"description\":\"Servicios de producci\u00f3n internacional para cine, fotograf\u00eda, anuncios publicitarios y proyectos televisivos en las Islas Canarias.\",\"publisher\":{\"@id\":\"https:\/\/www.canary-productions.com\/de\/#organization\"},\"potentialAction\":[{\"@type\":\"SearchAction\",\"target\":{\"@type\":\"EntryPoint\",\"urlTemplate\":\"https:\/\/www.canary-productions.com\/de\/?s={search_term_string}\"},\"query-input\":{\"@type\":\"PropertyValueSpecification\",\"valueRequired\":true,\"valueName\":\"search_term_string\"}}],\"inLanguage\":\"de\"},{\"@type\":[\"Organization\",\"Place\"],\"@id\":\"https:\/\/www.canary-productions.com\/de\/#organization\",\"name\":\"Canary Productions\",\"alternateName\":\"Canary Productions\",\"url\":\"https:\/\/www.canary-productions.com\/de\/\",\"logo\":{\"@id\":\"https:\/\/www.canary-productions.com\/de\/eigene-ausruestung-umfassende-dienstleistungen\/#local-main-organization-logo\"},\"image\":{\"@id\":\"https:\/\/www.canary-productions.com\/de\/eigene-ausruestung-umfassende-dienstleistungen\/#local-main-organization-logo\"},\"sameAs\":[\"https:\/\/www.facebook.com\/CanaryProductionsInternacionalServices\/\",\"https:\/\/www.instagram.com\/canaryproductions\/\",\"https:\/\/vimeo.com\/canaryproductions\",\"https:\/\/www.linkedin.com\/company\/canary-productions-inc\/\",\"https:\/\/www.imdb.com\/name\/nm0956893\/?ref_=nv_sr_srsg_4_tt_0_nm_8_in_0_q_gadi\"],\"description\":\"Canary Productions es conocida por su amplia experiencia, sus habilidades log\u00edsticas y creativas, y por producir con \u00e9xito pel\u00edculas, anuncios, videos musicales, sesiones fotogr\u00e1ficas, televisi\u00f3n, reality, documentales, etc.\",\"telephone\":[],\"openingHoursSpecification\":[{\"@type\":\"OpeningHoursSpecification\",\"dayOfWeek\":[\"Monday\",\"Tuesday\",\"Wednesday\",\"Thursday\",\"Friday\",\"Saturday\",\"Sunday\"],\"opens\":\"09:00\",\"closes\":\"17:00\"}]},{\"@type\":\"ImageObject\",\"inLanguage\":\"de\",\"@id\":\"https:\/\/www.canary-productions.com\/de\/eigene-ausruestung-umfassende-dienstleistungen\/#local-main-organization-logo\",\"url\":\"https:\/\/www.canary-productions.com\/wp-content\/uploads\/2025\/11\/canary-productions.png\",\"contentUrl\":\"https:\/\/www.canary-productions.com\/wp-content\/uploads\/2025\/11\/canary-productions.png\",\"width\":512,\"height\":512,\"caption\":\"Canary Productions\"}]}<\/script>\n<!-- \/ Yoast SEO Premium plugin. -->","yoast_head_json":{"title":"Canary Productions | Audiovisuelle Dienstleistungen aus einer Hand in den Kanaren","description":"Audiovisuelle Dienstleistungen auf den Kanarischen Inseln mit eigener Ausr\u00fcstung. Produktion und Postproduktion, Drohnen, Logistik...","robots":{"index":"index","follow":"follow","max-snippet":"max-snippet:-1","max-image-preview":"max-image-preview:large","max-video-preview":"max-video-preview:-1"},"canonical":"https:\/\/www.canary-productions.com\/de\/eigene-ausruestung-umfassende-dienstleistungen\/","og_locale":"de_DE","og_type":"article","og_title":"Canary Productions - Produktionsfirma und Produktionsservice f\u00fcr Film, Fotografie, Werbespots und Fernsehen.","og_description":"Internationaler Produktionsservice f\u00fcr Projekte in den Bereichen Film, Fotografie, Werbespots und Fernsehen auf den Kanarischen Inseln.","og_url":"https:\/\/www.canary-productions.com\/de\/eigene-ausruestung-umfassende-dienstleistungen\/","og_site_name":"Canary Productions","article_publisher":"https:\/\/www.facebook.com\/CanaryProductionsInternacionalServices\/","article_modified_time":"2025-11-19T11:40:02+00:00","og_image":[{"width":512,"height":512,"url":"https:\/\/www.canary-productions.com\/wp-content\/uploads\/2025\/11\/canary-productions.png","type":"image\/png"}],"twitter_card":"summary_large_image","twitter_title":"Canary Productions - Produktionsfirma und Produktionsservice f\u00fcr Film, Fotografie, Werbespots und Fernsehen.","twitter_description":"Internationaler Produktionsservice f\u00fcr Projekte in den Bereichen Film, Fotografie, Werbespots und Fernsehen auf den Kanarischen Inseln.","twitter_image":"https:\/\/www.canary-productions.com\/wp-content\/uploads\/2025\/11\/canary-productions-horizontal.png","twitter_misc":{"Gesch\u00e4tzte Lesezeit":"2\u00a0Minuten"},"schema":{"@context":"https:\/\/schema.org","@graph":[{"@type":"WebPage","@id":"https:\/\/www.canary-productions.com\/de\/eigene-ausruestung-umfassende-dienstleistungen\/","url":"https:\/\/www.canary-productions.com\/de\/eigene-ausruestung-umfassende-dienstleistungen\/","name":"Canary Productions | Audiovisuelle Dienstleistungen aus einer Hand in den Kanaren","isPartOf":{"@id":"https:\/\/www.canary-productions.com\/de\/#website"},"primaryImageOfPage":{"@id":"https:\/\/www.canary-productions.com\/de\/eigene-ausruestung-umfassende-dienstleistungen\/#primaryimage"},"image":{"@id":"https:\/\/www.canary-productions.com\/de\/eigene-ausruestung-umfassende-dienstleistungen\/#primaryimage"},"thumbnailUrl":"https:\/\/www.canary-productions.com\/wp-content\/uploads\/2025\/11\/canary-productions.png","datePublished":"2024-10-07T13:42:31+00:00","dateModified":"2025-11-19T11:40:02+00:00","description":"Audiovisuelle Dienstleistungen auf den Kanarischen Inseln mit eigener Ausr\u00fcstung. Produktion und Postproduktion, Drohnen, Logistik...","breadcrumb":{"@id":"https:\/\/www.canary-productions.com\/de\/eigene-ausruestung-umfassende-dienstleistungen\/#breadcrumb"},"inLanguage":"de","potentialAction":[{"@type":"ReadAction","target":["https:\/\/www.canary-productions.com\/de\/eigene-ausruestung-umfassende-dienstleistungen\/"]}]},{"@type":"ImageObject","inLanguage":"de","@id":"https:\/\/www.canary-productions.com\/de\/eigene-ausruestung-umfassende-dienstleistungen\/#primaryimage","url":"https:\/\/www.canary-productions.com\/wp-content\/uploads\/2025\/11\/canary-productions.png","contentUrl":"https:\/\/www.canary-productions.com\/wp-content\/uploads\/2025\/11\/canary-productions.png","width":512,"height":512,"caption":"canary productions"},{"@type":"BreadcrumbList","@id":"https:\/\/www.canary-productions.com\/de\/eigene-ausruestung-umfassende-dienstleistungen\/#breadcrumb","itemListElement":[{"@type":"ListItem","position":1,"name":"Portada","item":"https:\/\/www.canary-productions.com\/de\/"},{"@type":"ListItem","position":2,"name":"Eigene Ausr\u00fcstung\/Umfassende Dienstleistungen"}]},{"@type":"WebSite","@id":"https:\/\/www.canary-productions.com\/de\/#website","url":"https:\/\/www.canary-productions.com\/de\/","name":"Canary Productions","description":"Servicios de producci\u00f3n internacional para cine, fotograf\u00eda, anuncios publicitarios y proyectos televisivos en las Islas Canarias.","publisher":{"@id":"https:\/\/www.canary-productions.com\/de\/#organization"},"potentialAction":[{"@type":"SearchAction","target":{"@type":"EntryPoint","urlTemplate":"https:\/\/www.canary-productions.com\/de\/?s={search_term_string}"},"query-input":{"@type":"PropertyValueSpecification","valueRequired":true,"valueName":"search_term_string"}}],"inLanguage":"de"},{"@type":["Organization","Place"],"@id":"https:\/\/www.canary-productions.com\/de\/#organization","name":"Canary Productions","alternateName":"Canary Productions","url":"https:\/\/www.canary-productions.com\/de\/","logo":{"@id":"https:\/\/www.canary-productions.com\/de\/eigene-ausruestung-umfassende-dienstleistungen\/#local-main-organization-logo"},"image":{"@id":"https:\/\/www.canary-productions.com\/de\/eigene-ausruestung-umfassende-dienstleistungen\/#local-main-organization-logo"},"sameAs":["https:\/\/www.facebook.com\/CanaryProductionsInternacionalServices\/","https:\/\/www.instagram.com\/canaryproductions\/","https:\/\/vimeo.com\/canaryproductions","https:\/\/www.linkedin.com\/company\/canary-productions-inc\/","https:\/\/www.imdb.com\/name\/nm0956893\/?ref_=nv_sr_srsg_4_tt_0_nm_8_in_0_q_gadi"],"description":"Canary Productions es conocida por su amplia experiencia, sus habilidades log\u00edsticas y creativas, y por producir con \u00e9xito pel\u00edculas, anuncios, videos musicales, sesiones fotogr\u00e1ficas, televisi\u00f3n, reality, documentales, etc.","telephone":[],"openingHoursSpecification":[{"@type":"OpeningHoursSpecification","dayOfWeek":["Monday","Tuesday","Wednesday","Thursday","Friday","Saturday","Sunday"],"opens":"09:00","closes":"17:00"}]},{"@type":"ImageObject","inLanguage":"de","@id":"https:\/\/www.canary-productions.com\/de\/eigene-ausruestung-umfassende-dienstleistungen\/#local-main-organization-logo","url":"https:\/\/www.canary-productions.com\/wp-content\/uploads\/2025\/11\/canary-productions.png","contentUrl":"https:\/\/www.canary-productions.com\/wp-content\/uploads\/2025\/11\/canary-productions.png","width":512,"height":512,"caption":"Canary Productions"}]}},"_links":{"self":[{"href":"https:\/\/www.canary-productions.com\/de\/wp-json\/wp\/v2\/pages\/5123","targetHints":{"allow":["GET"]}}],"collection":[{"href":"https:\/\/www.canary-productions.com\/de\/wp-json\/wp\/v2\/pages"}],"about":[{"href":"https:\/\/www.canary-productions.com\/de\/wp-json\/wp\/v2\/types\/page"}],"author":[{"embeddable":true,"href":"https:\/\/www.canary-productions.com\/de\/wp-json\/wp\/v2\/users\/1"}],"replies":[{"embeddable":true,"href":"https:\/\/www.canary-productions.com\/de\/wp-json\/wp\/v2\/comments?post=5123"}],"version-history":[{"count":0,"href":"https:\/\/www.canary-productions.com\/de\/wp-json\/wp\/v2\/pages\/5123\/revisions"}],"wp:featuredmedia":[{"embeddable":true,"href":"https:\/\/www.canary-productions.com\/de\/wp-json\/wp\/v2\/media\/6051"}],"wp:attachment":[{"href":"https:\/\/www.canary-productions.com\/de\/wp-json\/wp\/v2\/media?parent=5123"}],"curies":[{"name":"wp","href":"https:\/\/api.w.org\/{rel}","templated":true}]}}