{"id":4565,"date":"2024-09-25T12:55:20","date_gmt":"2024-09-25T10:55:20","guid":{"rendered":"https:\/\/www.canary-productions.com\/?page_id=4565"},"modified":"2025-12-16T12:43:10","modified_gmt":"2025-12-16T11:43:10","slug":"lavora-con-noi","status":"publish","type":"page","link":"https:\/\/www.canary-productions.com\/it\/lavora-con-noi\/","title":{"rendered":"Lavora con noi"},"content":{"rendered":"<section class=\"l-section wpb_row us_custom_6972d9f4 height_auto width_full\"><div class=\"l-section-h i-cf\"><div class=\"g-cols vc_row via_grid cols_1-4-1 laptops-cols_inherit tablets-cols_inherit mobiles-cols_1 valign_top type_default stacking_default\" style=\"--gap:0.3rem;\"><div class=\"wpb_column vc_column_container\"><div class=\"vc_column-inner\"><\/div><\/div><div class=\"wpb_column vc_column_container\"><div class=\"vc_column-inner\"><div class=\"w-separator size_small\"><\/div><h1 class=\"w-text\"><span class=\"w-text-h\"><span class=\"w-text-value\">Lavora con noi<\/span><\/span><\/h1><form class=\"w-form  us_custom_cd2ad0f2 .formulario-grupo-interes layout_ver for_cform us_form_1\" autocomplete=\"off\" action=\"https:\/\/www.canary-productions.com\/it\/wp-json\/wp\/v2\/pages\/4565\" method=\"post\" style=\"--fields-gap:0.3rem\" enctype=\"multipart\/form-data\"><div class=\"w-form-h\"><div class=\"w-form-row for_info\">\r\n\t<p><strong>GRUPPO+STAKEHOLDER+(\u00e8+possibile+spuntare+pi\u00f9+di+uno)<\/strong><\/p>\r\n<\/div>\r\n<div class=\"w-form-row for_checkboxes cols_4\">\r\n\t\t<div class=\"w-form-row-field\">\r\n\t\t\t\t\t<label>\r\n\t\t\t\t<input type=\"checkbox\" name=\"us_form_1_checkboxes_1[]\" value=\"Produzione\"\/>\r\n\t\t\t\t<span>Produzione<\/span>\r\n\t\t\t<\/label>\r\n\t\t\t\t<\/div>\r\n\t\t<div class=\"w-form-row-state\">Seleziona un'opzione<\/div>\r\n<\/div>\r\n<div class=\"w-form-row for_checkboxes cols_4\">\r\n\t\t<div class=\"w-form-row-field\">\r\n\t\t\t\t\t<label>\r\n\t\t\t\t<input type=\"checkbox\" name=\"us_form_1_checkboxes_2[]\" value=\"Amministrazione\"\/>\r\n\t\t\t\t<span>Amministrazione<\/span>\r\n\t\t\t<\/label>\r\n\t\t\t\t<\/div>\r\n\t\t<div class=\"w-form-row-state\">Seleziona un'opzione<\/div>\r\n<\/div>\r\n<div class=\"w-form-row for_checkboxes cols_4\">\r\n\t\t<div class=\"w-form-row-field\">\r\n\t\t\t\t\t<label>\r\n\t\t\t\t<input type=\"checkbox\" name=\"us_form_1_checkboxes_3[]\" value=\"Arte\"\/>\r\n\t\t\t\t<span>Arte<\/span>\r\n\t\t\t<\/label>\r\n\t\t\t\t<\/div>\r\n\t\t<div class=\"w-form-row-state\">Seleziona un'opzione<\/div>\r\n<\/div>\r\n<div class=\"w-form-row for_checkboxes cols_4\">\r\n\t\t<div class=\"w-form-row-field\">\r\n\t\t\t\t\t<label>\r\n\t\t\t\t<input type=\"checkbox\" name=\"us_form_1_checkboxes_4[]\" value=\"Camera\"\/>\r\n\t\t\t\t<span>Camera<\/span>\r\n\t\t\t<\/label>\r\n\t\t\t\t<\/div>\r\n\t\t<div class=\"w-form-row-state\">Seleziona un'opzione<\/div>\r\n<\/div>\r\n<div class=\"w-form-row for_checkboxes cols_4\">\r\n\t\t<div class=\"w-form-row-field\">\r\n\t\t\t\t\t<label>\r\n\t\t\t\t<input type=\"checkbox\" name=\"us_form_1_checkboxes_5[]\" value=\"Casting\"\/>\r\n\t\t\t\t<span>Casting<\/span>\r\n\t\t\t<\/label>\r\n\t\t\t\t<\/div>\r\n\t\t<div class=\"w-form-row-state\">Seleziona un'opzione<\/div>\r\n<\/div>\r\n<div class=\"w-form-row for_checkboxes cols_4\">\r\n\t\t<div class=\"w-form-row-field\">\r\n\t\t\t\t\t<label>\r\n\t\t\t\t<input type=\"checkbox\" name=\"us_form_1_checkboxes_6[]\" value=\"Costruttore\"\/>\r\n\t\t\t\t<span>Costruttore<\/span>\r\n\t\t\t<\/label>\r\n\t\t\t\t<\/div>\r\n\t\t<div class=\"w-form-row-state\">Seleziona un'opzione<\/div>\r\n<\/div>\r\n<div class=\"w-form-row for_checkboxes cols_4\">\r\n\t\t<div class=\"w-form-row-field\">\r\n\t\t\t\t\t<label>\r\n\t\t\t\t<input type=\"checkbox\" name=\"us_form_1_checkboxes_7[]\" value=\"Costume\"\/>\r\n\t\t\t\t<span>Costume<\/span>\r\n\t\t\t<\/label>\r\n\t\t\t\t<\/div>\r\n\t\t<div class=\"w-form-row-state\">Seleziona un'opzione<\/div>\r\n<\/div>\r\n<div class=\"w-form-row for_checkboxes cols_4\">\r\n\t\t<div class=\"w-form-row-field\">\r\n\t\t\t\t\t<label>\r\n\t\t\t\t<input type=\"checkbox\" name=\"us_form_1_checkboxes_8[]\" value=\"Pubblicit\u00e0\"\/>\r\n\t\t\t\t<span>Pubblicit\u00e0<\/span>\r\n\t\t\t<\/label>\r\n\t\t\t\t<\/div>\r\n\t\t<div class=\"w-form-row-state\">Seleziona un'opzione<\/div>\r\n<\/div>\r\n<div class=\"w-form-row for_checkboxes cols_4\">\r\n\t\t<div class=\"w-form-row-field\">\r\n\t\t\t\t\t<label>\r\n\t\t\t\t<input type=\"checkbox\" name=\"us_form_1_checkboxes_9[]\" value=\"Verdi\"\/>\r\n\t\t\t\t<span>Verdi<\/span>\r\n\t\t\t<\/label>\r\n\t\t\t\t<\/div>\r\n\t\t<div class=\"w-form-row-state\">Seleziona un'opzione<\/div>\r\n<\/div>\r\n<div class=\"w-form-row for_checkboxes cols_4\">\r\n\t\t<div class=\"w-form-row-field\">\r\n\t\t\t\t\t<label>\r\n\t\t\t\t<input type=\"checkbox\" name=\"us_form_1_checkboxes_10[]\" value=\"Parruccheria\"\/>\r\n\t\t\t\t<span>Parruccheria<\/span>\r\n\t\t\t<\/label>\r\n\t\t\t\t<\/div>\r\n\t\t<div class=\"w-form-row-state\">Seleziona un'opzione<\/div>\r\n<\/div>\r\n<div class=\"w-form-row for_checkboxes cols_4\">\r\n\t\t<div class=\"w-form-row-field\">\r\n\t\t\t\t\t<label>\r\n\t\t\t\t<input type=\"checkbox\" name=\"us_form_1_checkboxes_11[]\" value=\"Sedi\"\/>\r\n\t\t\t\t<span>Sedi<\/span>\r\n\t\t\t<\/label>\r\n\t\t\t\t<\/div>\r\n\t\t<div class=\"w-form-row-state\">Seleziona un'opzione<\/div>\r\n<\/div>\r\n<div class=\"w-form-row for_checkboxes cols_4\">\r\n\t\t<div class=\"w-form-row-field\">\r\n\t\t\t\t\t<label>\r\n\t\t\t\t<input type=\"checkbox\" name=\"us_form_1_checkboxes_12[]\" value=\"Make-up\"\/>\r\n\t\t\t\t<span>Make-up<\/span>\r\n\t\t\t<\/label>\r\n\t\t\t\t<\/div>\r\n\t\t<div class=\"w-form-row-state\">Seleziona un'opzione<\/div>\r\n<\/div>\r\n<div class=\"w-form-row for_checkboxes cols_4\">\r\n\t\t<div class=\"w-form-row-field\">\r\n\t\t\t\t\t<label>\r\n\t\t\t\t<input type=\"checkbox\" name=\"us_form_1_checkboxes_13[]\" value=\"Post-produzione\"\/>\r\n\t\t\t\t<span>Post-produzione<\/span>\r\n\t\t\t<\/label>\r\n\t\t\t\t<\/div>\r\n\t\t<div class=\"w-form-row-state\">Seleziona un'opzione<\/div>\r\n<\/div>\r\n<div class=\"w-form-row for_checkboxes cols_4\">\r\n\t\t<div class=\"w-form-row-field\">\r\n\t\t\t\t\t<label>\r\n\t\t\t\t<input type=\"checkbox\" name=\"us_form_1_checkboxes_14[]\" value=\"Assistenti di Produzione\"\/>\r\n\t\t\t\t<span>Assistenti di Produzione<\/span>\r\n\t\t\t<\/label>\r\n\t\t\t\t<\/div>\r\n\t\t<div class=\"w-form-row-state\">Seleziona un'opzione<\/div>\r\n<\/div>\r\n<div class=\"w-form-row for_checkboxes cols_4\">\r\n\t\t<div class=\"w-form-row-field\">\r\n\t\t\t\t\t<label>\r\n\t\t\t\t<input type=\"checkbox\" name=\"us_form_1_checkboxes_15[]\" value=\"Audio\"\/>\r\n\t\t\t\t<span>Audio<\/span>\r\n\t\t\t<\/label>\r\n\t\t\t\t<\/div>\r\n\t\t<div class=\"w-form-row-state\">Seleziona un'opzione<\/div>\r\n<\/div>\r\n<div class=\"w-form-row for_checkboxes cols_4\">\r\n\t\t<div class=\"w-form-row-field\">\r\n\t\t\t\t\t<label>\r\n\t\t\t\t<input type=\"checkbox\" name=\"us_form_1_checkboxes_16[]\" value=\"Sceneggiatura\"\/>\r\n\t\t\t\t<span>Sceneggiatura<\/span>\r\n\t\t\t<\/label>\r\n\t\t\t\t<\/div>\r\n\t\t<div class=\"w-form-row-state\">Seleziona un'opzione<\/div>\r\n<\/div>\r\n<div class=\"w-form-row for_checkboxes cols_4\">\r\n\t\t<div class=\"w-form-row-field\">\r\n\t\t\t\t\t<label>\r\n\t\t\t\t<input type=\"checkbox\" name=\"us_form_1_checkboxes_17[]\" value=\"Trasporto\"\/>\r\n\t\t\t\t<span>Trasporto<\/span>\r\n\t\t\t<\/label>\r\n\t\t\t\t<\/div>\r\n\t\t<div class=\"w-form-row-state\">Seleziona un'opzione<\/div>\r\n<\/div>\r\n<div class=\"w-form-row for_checkboxes cols_4\">\r\n\t\t<div class=\"w-form-row-field\">\r\n\t\t\t\t\t<label>\r\n\t\t\t\t<input type=\"checkbox\" name=\"us_form_1_checkboxes_18[]\" value=\"SOS\"\/>\r\n\t\t\t\t<span>SOS<\/span>\r\n\t\t\t<\/label>\r\n\t\t\t\t<\/div>\r\n\t\t<div class=\"w-form-row-state\">Seleziona un'opzione<\/div>\r\n<\/div>\r\n<div class=\"w-form-row for_checkboxes cols_4\">\r\n\t\t<div class=\"w-form-row-field\">\r\n\t\t\t\t\t<label>\r\n\t\t\t\t<input type=\"checkbox\" name=\"us_form_1_checkboxes_19[]\" value=\"Specialisti\"\/>\r\n\t\t\t\t<span>Specialisti<\/span>\r\n\t\t\t<\/label>\r\n\t\t\t\t<\/div>\r\n\t\t<div class=\"w-form-row-state\">Seleziona un'opzione<\/div>\r\n<\/div>\r\n<div class=\"w-form-row for_text has_label required\">\r\n\t\t\t<div class=\"w-form-row-label\">\r\n\t\t\t<span>Nome *<\/span>\r\n\t\t<\/div>\r\n\t\t<div class=\"w-form-row-field\">\r\n\t\t\t\t\t\t<input aria-label=\"Nome\" type=\"text\" name=\"us_form_1_text_1\" value placeholder=\"Nome\" data-required=\"true\" aria-required=\"true\"\/>\r\n\t\t\t<\/div>\r\n\t\t<div class=\"w-form-row-state\">Compila questo campo<\/div>\r\n<\/div>\r\n<div class=\"w-form-row for_text has_label required cols_2\">\r\n\t\t\t<div class=\"w-form-row-label\">\r\n\t\t\t<span>Telefono *<\/span>\r\n\t\t<\/div>\r\n\t\t<div class=\"w-form-row-field\">\r\n\t\t\t\t\t\t<input aria-label=\"Telefono\" type=\"text\" name=\"us_form_1_text_2\" value placeholder=\"Telefono\" data-required=\"true\" aria-required=\"true\"\/>\r\n\t\t\t<\/div>\r\n\t\t<div class=\"w-form-row-state\">Compila questo campo<\/div>\r\n<\/div>\r\n<div class=\"w-form-row for_email has_label required cols_2\">\r\n\t\t\t<div class=\"w-form-row-label\">\r\n\t\t\t<span>Email *<\/span>\r\n\t\t<\/div>\r\n\t\t<div class=\"w-form-row-field\">\r\n\t\t\t\t\t\t<input aria-label=\"Email\" type=\"email\" name=\"us_form_1_email_1\" value placeholder=\"Email\" data-required=\"true\" aria-required=\"true\"\/>\r\n\t\t\t<\/div>\r\n\t\t<div class=\"w-form-row-state\">Inserisci un indirizzo email valido.<\/div>\r\n<\/div>\r\n<div class=\"w-form-row for_textarea has_label\">\r\n\t\t\t<div class=\"w-form-row-label\">\r\n\t\t\t<span>Altre+informazioni<\/span>\r\n\t\t<\/div>\r\n\t\t<div class=\"w-form-row-field\">\r\n\t\t\t\t\t\t<textarea aria-label=\"Altre+informazioni\" name=\"us_form_1_textarea_1\" placeholder=\"Altre+informazioni\"><\/textarea>\r\n\t\t\t<\/div>\r\n\t\t<div class=\"w-form-row-state\">Compila questo campo<\/div>\r\n<\/div>\r\n<div class=\"w-form-row for_file has_label cols_4\">\r\n\t\t\t<div class=\"w-form-row-label\">\r\n\t\t\t<span>Allega+il+tuo+CV<\/span>\r\n\t\t<\/div>\r\n\t\t<div class=\"w-form-row-field\">\r\n\t\t\t\t\t\t<input aria-label=\"Allega+il+tuo+CV\" type=\"file\" name=\"us_form_1_file_1\" data-std=\"10MB\" data-max_size=\"10\"\/>\r\n\t\t\t<\/div>\r\n\t\t<div class=\"w-form-row-state\">Compila questo campo<\/div>\r\n<\/div>\r\n<div class=\"w-form-row for_agreement required\">\r\n\t\t\t<div class=\"w-form-row-label\">\r\n\t\t\t<span>Politica sulla privacy <span class=\"required\">*<\/span><\/span>\r\n\t\t<\/div>\r\n\t\t<div class=\"w-form-row-field\">\r\n\t\t\t\t<label>\r\n\t\t\t<input type=\"checkbox\" value=\"1\" data-required=\"true\" aria-required=\"true\" name=\"us_form_1_agreement_1\"\/>\r\n\t\t\t<span>Accetto <a href=\"\/politica-privacidad\" style=\"color:gray;\">l'informativa sulla privacy<\/a><\/span>\r\n\t\t<\/label>\r\n\t\t\t<\/div>\r\n\t\t<div class=\"w-form-row-state\">Devi accettare i termini per procedere<\/div>\r\n<\/div>\r\n<input type=\"hidden\" name=\"action\" value=\"us_ajax_cform\" \/>\r\n<input type=\"hidden\" name=\"post_id\" value=\"0\" \/>\r\n<input type=\"hidden\" name=\"form_index\" value=\"1\" \/>\r\n<div class=\"w-form-row for_submit  align_none\">\r\n\t<button class=\"w-btn  us-btn-style_2\" aria-label=\"Invia\" type=\"submit\">\r\n\t\t<span class=\"g-preloader type_1\"><\/span>\r\n\t\t\t\t<span class=\"w-btn-label\">Invia<\/span>\r\n\t\t\t<\/button>\r\n\t<\/div>\r\n<\/div><div class=\"w-form-message\"><\/div><div class=\"w-form-json hidden\" onclick='return {&quot;ajaxurl&quot;:&quot;https:\\\/\\\/www.canary-productions.com\\\/wp-admin\\\/admin-ajax.php&quot;,&quot;messages&quot;:{&quot;err_empty&quot;:&quot;Compila questo campo&quot;,&quot;err_size&quot;:&quot;File size cannot exceed %s MB&quot;,&quot;err_extension&quot;:&quot;%s file type is not allowed&quot;}}'><\/div><\/form><\/div><\/div><div class=\"wpb_column vc_column_container\"><div class=\"vc_column-inner\"><\/div><\/div><\/div><\/div><\/section>\n","protected":false},"excerpt":{"rendered":"Lavora con noi GRUPPO+STAKEHOLDER+(\u00e8+possibile+spuntare+pi\u00f9+di+uno) Produzione Seleziona un'opzione Amministrazione Seleziona un'opzione Arte Seleziona un'opzione Camera Seleziona un'opzione Casting Seleziona un'opzione Costruttore Seleziona un'opzione Costume Seleziona un'opzione Pubblicit\u00e0 Seleziona un'opzione Verdi Seleziona un'opzione Parruccheria Seleziona un'opzione Sedi Seleziona un'opzione Make-up Seleziona un'opzione Post-produzione Seleziona un'opzione Assistenti di Produzione Seleziona un'opzione Audio Seleziona un'opzione Sceneggiatura Seleziona un'opzione Trasporto...","protected":false},"author":1,"featured_media":6052,"parent":0,"menu_order":0,"comment_status":"closed","ping_status":"closed","template":"","meta":{"_joinchat":[],"footnotes":""},"class_list":["post-4565","page","type-page","status-publish","has-post-thumbnail","hentry"],"yoast_head":"<!-- This site is optimized with the Yoast SEO Premium plugin v26.2 (Yoast SEO v26.2) - https:\/\/yoast.com\/wordpress\/plugins\/seo\/ -->\n<title>Lavora con noi - Canary Productions \u2013 Produzione audiovisiva nelle Canarie<\/title>\n<meta name=\"description\" content=\"Vuoi entrare a far parte di una casa di produzione audiovisiva internazionale? Unisciti a noi e lavora nel cinema, in TV e nella pubblicit\u00e0 nelle Isole Canarie.\" \/>\n<meta name=\"robots\" content=\"index, follow, max-snippet:-1, max-image-preview:large, max-video-preview:-1\" \/>\n<link rel=\"canonical\" href=\"https:\/\/www.canary-productions.com\/it\/lavora-con-noi\/\" \/>\n<meta property=\"og:locale\" content=\"it_IT\" \/>\n<meta property=\"og:type\" content=\"article\" \/>\n<meta property=\"og:title\" content=\"Canary Productions - Casa di produzione e servizi di produzione per cinema, fotografia, spot pubblicitari e televisione.\" \/>\n<meta property=\"og:description\" content=\"Servizi di produzione internazionali per progetti cinematografici, fotografici, spot pubblicitari e televisivi nelle Isole Canarie.\" \/>\n<meta property=\"og:url\" content=\"https:\/\/www.canary-productions.com\/it\/lavora-con-noi\/\" \/>\n<meta property=\"og:site_name\" content=\"Canary Productions\" \/>\n<meta property=\"article:publisher\" content=\"https:\/\/www.facebook.com\/CanaryProductionsInternacionalServices\/\" \/>\n<meta property=\"article:modified_time\" content=\"2025-12-16T11:43:10+00:00\" \/>\n<meta property=\"og:image\" content=\"https:\/\/www.canary-productions.com\/wp-content\/uploads\/2025\/11\/canary-productions.png\" \/>\n\t<meta property=\"og:image:width\" content=\"512\" \/>\n\t<meta property=\"og:image:height\" content=\"512\" \/>\n\t<meta property=\"og:image:type\" content=\"image\/png\" \/>\n<meta name=\"twitter:card\" content=\"summary_large_image\" \/>\n<meta name=\"twitter:title\" content=\"Canary Productions - Casa di produzione e servizi di produzione per cinema, fotografia, spot pubblicitari e televisione.\" \/>\n<meta name=\"twitter:description\" content=\"Servizi di produzione internazionali per progetti cinematografici, fotografici, spot pubblicitari e televisivi nelle Isole Canarie.\" \/>\n<meta name=\"twitter:image\" content=\"https:\/\/www.canary-productions.com\/wp-content\/uploads\/2025\/11\/canary-productions-horizontal.png\" \/>\n<meta name=\"twitter:label1\" content=\"Tempo di lettura stimato\" \/>\n\t<meta name=\"twitter:data1\" content=\"1 minuto\" \/>\n<script type=\"application\/ld+json\" class=\"yoast-schema-graph\">{\"@context\":\"https:\/\/schema.org\",\"@graph\":[{\"@type\":\"WebPage\",\"@id\":\"https:\/\/www.canary-productions.com\/it\/lavora-con-noi\/\",\"url\":\"https:\/\/www.canary-productions.com\/it\/lavora-con-noi\/\",\"name\":\"Lavora con noi - Canary Productions \u2013 Produzione audiovisiva nelle Canarie\",\"isPartOf\":{\"@id\":\"https:\/\/www.canary-productions.com\/it\/#website\"},\"primaryImageOfPage\":{\"@id\":\"https:\/\/www.canary-productions.com\/it\/lavora-con-noi\/#primaryimage\"},\"image\":{\"@id\":\"https:\/\/www.canary-productions.com\/it\/lavora-con-noi\/#primaryimage\"},\"thumbnailUrl\":\"https:\/\/www.canary-productions.com\/wp-content\/uploads\/2025\/11\/canary-productions.png\",\"datePublished\":\"2024-09-25T10:55:20+00:00\",\"dateModified\":\"2025-12-16T11:43:10+00:00\",\"description\":\"Vuoi entrare a far parte di una casa di produzione audiovisiva internazionale? Unisciti a noi e lavora nel cinema, in TV e nella pubblicit\u00e0 nelle Isole Canarie.\",\"breadcrumb\":{\"@id\":\"https:\/\/www.canary-productions.com\/it\/lavora-con-noi\/#breadcrumb\"},\"inLanguage\":\"it-IT\",\"potentialAction\":[{\"@type\":\"ReadAction\",\"target\":[\"https:\/\/www.canary-productions.com\/it\/lavora-con-noi\/\"]}]},{\"@type\":\"ImageObject\",\"inLanguage\":\"it-IT\",\"@id\":\"https:\/\/www.canary-productions.com\/it\/lavora-con-noi\/#primaryimage\",\"url\":\"https:\/\/www.canary-productions.com\/wp-content\/uploads\/2025\/11\/canary-productions.png\",\"contentUrl\":\"https:\/\/www.canary-productions.com\/wp-content\/uploads\/2025\/11\/canary-productions.png\",\"width\":512,\"height\":512,\"caption\":\"canary productions\"},{\"@type\":\"BreadcrumbList\",\"@id\":\"https:\/\/www.canary-productions.com\/it\/lavora-con-noi\/#breadcrumb\",\"itemListElement\":[{\"@type\":\"ListItem\",\"position\":1,\"name\":\"Portada\",\"item\":\"https:\/\/www.canary-productions.com\/it\/\"},{\"@type\":\"ListItem\",\"position\":2,\"name\":\"Lavora con noi\"}]},{\"@type\":\"WebSite\",\"@id\":\"https:\/\/www.canary-productions.com\/it\/#website\",\"url\":\"https:\/\/www.canary-productions.com\/it\/\",\"name\":\"Canary Productions\",\"description\":\"Servicios de producci\u00f3n internacional para cine, fotograf\u00eda, anuncios publicitarios y proyectos televisivos en las Islas Canarias.\",\"publisher\":{\"@id\":\"https:\/\/www.canary-productions.com\/it\/#organization\"},\"potentialAction\":[{\"@type\":\"SearchAction\",\"target\":{\"@type\":\"EntryPoint\",\"urlTemplate\":\"https:\/\/www.canary-productions.com\/it\/?s={search_term_string}\"},\"query-input\":{\"@type\":\"PropertyValueSpecification\",\"valueRequired\":true,\"valueName\":\"search_term_string\"}}],\"inLanguage\":\"it-IT\"},{\"@type\":[\"Organization\",\"Place\"],\"@id\":\"https:\/\/www.canary-productions.com\/it\/#organization\",\"name\":\"Canary Productions\",\"alternateName\":\"Canary Productions\",\"url\":\"https:\/\/www.canary-productions.com\/it\/\",\"logo\":{\"@id\":\"https:\/\/www.canary-productions.com\/it\/lavora-con-noi\/#local-main-organization-logo\"},\"image\":{\"@id\":\"https:\/\/www.canary-productions.com\/it\/lavora-con-noi\/#local-main-organization-logo\"},\"sameAs\":[\"https:\/\/www.facebook.com\/CanaryProductionsInternacionalServices\/\",\"https:\/\/www.instagram.com\/canaryproductions\/\",\"https:\/\/vimeo.com\/canaryproductions\",\"https:\/\/www.linkedin.com\/company\/canary-productions-inc\/\",\"https:\/\/www.imdb.com\/name\/nm0956893\/?ref_=nv_sr_srsg_4_tt_0_nm_8_in_0_q_gadi\"],\"description\":\"Canary Productions es conocida por su amplia experiencia, sus habilidades log\u00edsticas y creativas, y por producir con \u00e9xito pel\u00edculas, anuncios, videos musicales, sesiones fotogr\u00e1ficas, televisi\u00f3n, reality, documentales, etc.\",\"telephone\":[],\"openingHoursSpecification\":[{\"@type\":\"OpeningHoursSpecification\",\"dayOfWeek\":[\"Monday\",\"Tuesday\",\"Wednesday\",\"Thursday\",\"Friday\",\"Saturday\",\"Sunday\"],\"opens\":\"09:00\",\"closes\":\"17:00\"}]},{\"@type\":\"ImageObject\",\"inLanguage\":\"it-IT\",\"@id\":\"https:\/\/www.canary-productions.com\/it\/lavora-con-noi\/#local-main-organization-logo\",\"url\":\"https:\/\/www.canary-productions.com\/wp-content\/uploads\/2025\/11\/canary-productions.png\",\"contentUrl\":\"https:\/\/www.canary-productions.com\/wp-content\/uploads\/2025\/11\/canary-productions.png\",\"width\":512,\"height\":512,\"caption\":\"Canary Productions\"}]}<\/script>\n<!-- \/ Yoast SEO Premium plugin. -->","yoast_head_json":{"title":"Lavora con noi - Canary Productions \u2013 Produzione audiovisiva nelle Canarie","description":"Vuoi entrare a far parte di una casa di produzione audiovisiva internazionale? Unisciti a noi e lavora nel cinema, in TV e nella pubblicit\u00e0 nelle Isole Canarie.","robots":{"index":"index","follow":"follow","max-snippet":"max-snippet:-1","max-image-preview":"max-image-preview:large","max-video-preview":"max-video-preview:-1"},"canonical":"https:\/\/www.canary-productions.com\/it\/lavora-con-noi\/","og_locale":"it_IT","og_type":"article","og_title":"Canary Productions - Casa di produzione e servizi di produzione per cinema, fotografia, spot pubblicitari e televisione.","og_description":"Servizi di produzione internazionali per progetti cinematografici, fotografici, spot pubblicitari e televisivi nelle Isole Canarie.","og_url":"https:\/\/www.canary-productions.com\/it\/lavora-con-noi\/","og_site_name":"Canary Productions","article_publisher":"https:\/\/www.facebook.com\/CanaryProductionsInternacionalServices\/","article_modified_time":"2025-12-16T11:43:10+00:00","og_image":[{"width":512,"height":512,"url":"https:\/\/www.canary-productions.com\/wp-content\/uploads\/2025\/11\/canary-productions.png","type":"image\/png"}],"twitter_card":"summary_large_image","twitter_title":"Canary Productions - Casa di produzione e servizi di produzione per cinema, fotografia, spot pubblicitari e televisione.","twitter_description":"Servizi di produzione internazionali per progetti cinematografici, fotografici, spot pubblicitari e televisivi nelle Isole Canarie.","twitter_image":"https:\/\/www.canary-productions.com\/wp-content\/uploads\/2025\/11\/canary-productions-horizontal.png","twitter_misc":{"Tempo di lettura stimato":"1 minuto"},"schema":{"@context":"https:\/\/schema.org","@graph":[{"@type":"WebPage","@id":"https:\/\/www.canary-productions.com\/it\/lavora-con-noi\/","url":"https:\/\/www.canary-productions.com\/it\/lavora-con-noi\/","name":"Lavora con noi - Canary Productions \u2013 Produzione audiovisiva nelle Canarie","isPartOf":{"@id":"https:\/\/www.canary-productions.com\/it\/#website"},"primaryImageOfPage":{"@id":"https:\/\/www.canary-productions.com\/it\/lavora-con-noi\/#primaryimage"},"image":{"@id":"https:\/\/www.canary-productions.com\/it\/lavora-con-noi\/#primaryimage"},"thumbnailUrl":"https:\/\/www.canary-productions.com\/wp-content\/uploads\/2025\/11\/canary-productions.png","datePublished":"2024-09-25T10:55:20+00:00","dateModified":"2025-12-16T11:43:10+00:00","description":"Vuoi entrare a far parte di una casa di produzione audiovisiva internazionale? Unisciti a noi e lavora nel cinema, in TV e nella pubblicit\u00e0 nelle Isole Canarie.","breadcrumb":{"@id":"https:\/\/www.canary-productions.com\/it\/lavora-con-noi\/#breadcrumb"},"inLanguage":"it-IT","potentialAction":[{"@type":"ReadAction","target":["https:\/\/www.canary-productions.com\/it\/lavora-con-noi\/"]}]},{"@type":"ImageObject","inLanguage":"it-IT","@id":"https:\/\/www.canary-productions.com\/it\/lavora-con-noi\/#primaryimage","url":"https:\/\/www.canary-productions.com\/wp-content\/uploads\/2025\/11\/canary-productions.png","contentUrl":"https:\/\/www.canary-productions.com\/wp-content\/uploads\/2025\/11\/canary-productions.png","width":512,"height":512,"caption":"canary productions"},{"@type":"BreadcrumbList","@id":"https:\/\/www.canary-productions.com\/it\/lavora-con-noi\/#breadcrumb","itemListElement":[{"@type":"ListItem","position":1,"name":"Portada","item":"https:\/\/www.canary-productions.com\/it\/"},{"@type":"ListItem","position":2,"name":"Lavora con noi"}]},{"@type":"WebSite","@id":"https:\/\/www.canary-productions.com\/it\/#website","url":"https:\/\/www.canary-productions.com\/it\/","name":"Canary Productions","description":"Servicios de producci\u00f3n internacional para cine, fotograf\u00eda, anuncios publicitarios y proyectos televisivos en las Islas Canarias.","publisher":{"@id":"https:\/\/www.canary-productions.com\/it\/#organization"},"potentialAction":[{"@type":"SearchAction","target":{"@type":"EntryPoint","urlTemplate":"https:\/\/www.canary-productions.com\/it\/?s={search_term_string}"},"query-input":{"@type":"PropertyValueSpecification","valueRequired":true,"valueName":"search_term_string"}}],"inLanguage":"it-IT"},{"@type":["Organization","Place"],"@id":"https:\/\/www.canary-productions.com\/it\/#organization","name":"Canary Productions","alternateName":"Canary Productions","url":"https:\/\/www.canary-productions.com\/it\/","logo":{"@id":"https:\/\/www.canary-productions.com\/it\/lavora-con-noi\/#local-main-organization-logo"},"image":{"@id":"https:\/\/www.canary-productions.com\/it\/lavora-con-noi\/#local-main-organization-logo"},"sameAs":["https:\/\/www.facebook.com\/CanaryProductionsInternacionalServices\/","https:\/\/www.instagram.com\/canaryproductions\/","https:\/\/vimeo.com\/canaryproductions","https:\/\/www.linkedin.com\/company\/canary-productions-inc\/","https:\/\/www.imdb.com\/name\/nm0956893\/?ref_=nv_sr_srsg_4_tt_0_nm_8_in_0_q_gadi"],"description":"Canary Productions es conocida por su amplia experiencia, sus habilidades log\u00edsticas y creativas, y por producir con \u00e9xito pel\u00edculas, anuncios, videos musicales, sesiones fotogr\u00e1ficas, televisi\u00f3n, reality, documentales, etc.","telephone":[],"openingHoursSpecification":[{"@type":"OpeningHoursSpecification","dayOfWeek":["Monday","Tuesday","Wednesday","Thursday","Friday","Saturday","Sunday"],"opens":"09:00","closes":"17:00"}]},{"@type":"ImageObject","inLanguage":"it-IT","@id":"https:\/\/www.canary-productions.com\/it\/lavora-con-noi\/#local-main-organization-logo","url":"https:\/\/www.canary-productions.com\/wp-content\/uploads\/2025\/11\/canary-productions.png","contentUrl":"https:\/\/www.canary-productions.com\/wp-content\/uploads\/2025\/11\/canary-productions.png","width":512,"height":512,"caption":"Canary Productions"}]}},"_links":{"self":[{"href":"https:\/\/www.canary-productions.com\/it\/wp-json\/wp\/v2\/pages\/4565","targetHints":{"allow":["GET"]}}],"collection":[{"href":"https:\/\/www.canary-productions.com\/it\/wp-json\/wp\/v2\/pages"}],"about":[{"href":"https:\/\/www.canary-productions.com\/it\/wp-json\/wp\/v2\/types\/page"}],"author":[{"embeddable":true,"href":"https:\/\/www.canary-productions.com\/it\/wp-json\/wp\/v2\/users\/1"}],"replies":[{"embeddable":true,"href":"https:\/\/www.canary-productions.com\/it\/wp-json\/wp\/v2\/comments?post=4565"}],"version-history":[{"count":0,"href":"https:\/\/www.canary-productions.com\/it\/wp-json\/wp\/v2\/pages\/4565\/revisions"}],"wp:featuredmedia":[{"embeddable":true,"href":"https:\/\/www.canary-productions.com\/it\/wp-json\/wp\/v2\/media\/6052"}],"wp:attachment":[{"href":"https:\/\/www.canary-productions.com\/it\/wp-json\/wp\/v2\/media?parent=4565"}],"curies":[{"name":"wp","href":"https:\/\/api.w.org\/{rel}","templated":true}]}}