{"id":4568,"date":"2024-09-17T15:23:59","date_gmt":"2024-09-17T13:23:59","guid":{"rendered":"https:\/\/www.canary-productions.com\/?page_id=4568"},"modified":"2025-11-19T13:09:48","modified_gmt":"2025-11-19T12:09:48","slug":"prodotti-e-servizi","status":"publish","type":"page","link":"https:\/\/www.canary-productions.com\/it\/prodotti-e-servizi\/","title":{"rendered":"Prodotti e servizi"},"content":{"rendered":"<section class=\"l-section wpb_row us_custom_f1a4f275 us_animate_this height_medium\"><div class=\"l-section-h i-cf\"><div class=\"g-cols vc_row via_grid cols_1 laptops-cols_inherit tablets-cols_inherit mobiles-cols_1 valign_top type_default stacking_default\"><div class=\"wpb_column vc_column_container\"><div class=\"vc_column-inner\"><h1 class=\"w-text us_custom_eb849559\"><span class=\"w-text-h\"><span class=\"w-text-value\">PRODOTTI E SERVIZI<\/span><\/span><\/h1><div class=\"wpb_text_column\"><div class=\"wpb_wrapper\"><p style=\"text-align: center;\">La Canary Productions \u00e8 una casa di produzione delle Isole Canarie, conosciuta per l\u2019ampia esperienza, le abilit\u00e0 logistiche e creative, e per produrre con successo film, pubblicit\u00e0, video musicali, sessioni fotografiche, televisione, reality show, documentari, ecc\u2026<\/p>\n<\/div><\/div><\/div><\/div><\/div><\/div><\/section><section class=\"l-section wpb_row us_custom_1bd52797 us_animate_this height_auto width_full\"><div class=\"l-section-h i-cf\"><div class=\"g-cols vc_row via_grid cols_2 laptops-cols_inherit tablets-cols_inherit mobiles-cols_1 valign_middle type_default stacking_default\"><div class=\"wpb_column vc_column_container us_custom_f1d8a8f5 has_bg_color\"><div class=\"vc_column-inner\"><\/div><\/div><div class=\"wpb_column vc_column_container us_custom_874534bd\"><div class=\"vc_column-inner\"><div class=\"w-separator size_small\"><\/div><h3 class=\"w-text us_custom_eb849559\"><span class=\"w-text-h\"><span class=\"w-text-value\">Film e serie<\/span><\/span><\/h3><div class=\"wpb_text_column\"><div class=\"wpb_wrapper\"><p style=\"text-align: center;\">Nella Canary Productions abbiamo lavorato in una gran variet\u00e0 di lungometraggi e film. Che siano statunitensi, europee, spagnole o di produzione canaria, tutto trova il suo posto nella Canary Productions.<\/p>\n<p style=\"text-align: center;\">Ci siamo divertiti in un gran numero di produzioni come Fast &amp; Furious 6, Stranger Within o Montevideo e sempre siamo in attesa della prossima!<\/p>\n<\/div><\/div><div class=\"w-separator size_small\"><\/div><div class=\"w-btn-wrapper align_center\"><a class=\"w-btn us-btn-style_1\" href=\"https:\/\/www.canary-productions.com\/it\/film-e-serie\/\"><span class=\"w-btn-label\">SCOPRI DI PI\u00d9<\/span><\/a><\/div><\/div><\/div><\/div><\/div><\/section><section class=\"l-section wpb_row us_custom_6bbde437 us_animate_this height_auto width_full\"><div class=\"l-section-h i-cf\"><div class=\"g-cols vc_row via_grid cols_2 laptops-cols_inherit tablets-cols_inherit mobiles-cols_1 valign_middle type_default reversed stacking_default\"><div class=\"wpb_column vc_column_container us_custom_874534bd\"><div class=\"vc_column-inner\"><div class=\"w-separator hide_on_default hide_on_laptops size_small\"><\/div><h3 class=\"w-text us_custom_eb849559\"><span class=\"w-text-h\"><span class=\"w-text-value\">Incentivi fiscali<\/span><\/span><\/h3><div class=\"wpb_text_column\"><div class=\"wpb_wrapper\"><p style=\"text-align: center;\">Le Isole Canarie hanno un regime fiscale specifico (REF) che permette di offrire alle societ\u00e0 di produzione internazionali maggiori incentivi fiscali rispetto al resto della Spagna, essendo uno dei pi\u00f9 grandi al mondo.<\/p>\n<\/div><\/div><div class=\"w-separator size_small\"><\/div><div class=\"w-btn-wrapper align_center\"><a class=\"w-btn us-btn-style_1\" href=\"https:\/\/www.canary-productions.com\/it\/incentivi-fiscali-per-le-produzioni\/\"><span class=\"w-btn-label\">SCOPRI DI PI\u00d9<\/span><\/a><\/div><\/div><\/div><div class=\"wpb_column vc_column_container us_custom_f9cc6977 has_bg_color\"><div class=\"vc_column-inner\"><\/div><\/div><\/div><\/div><\/section><section class=\"l-section wpb_row us_custom_1bd52797 us_animate_this height_auto width_full\"><div class=\"l-section-h i-cf\"><div class=\"g-cols vc_row via_grid cols_2 laptops-cols_inherit tablets-cols_inherit mobiles-cols_1 valign_middle type_default stacking_default\"><div class=\"wpb_column vc_column_container us_custom_87df98e2 has_bg_color\"><div class=\"vc_column-inner\"><\/div><\/div><div class=\"wpb_column vc_column_container us_custom_1fa4467a\"><div class=\"vc_column-inner\"><div class=\"w-separator size_small\"><\/div><h3 class=\"w-text us_custom_eb849559\"><span class=\"w-text-h\"><span class=\"w-text-value\">Attrezzatura interna<\/span><\/span><\/h3><div class=\"wpb_text_column\"><div class=\"wpb_wrapper\"><p style=\"text-align: center;\">Offriamo soluzioni complete per la produzione e la post-produzione di film, serie, spot pubblicitari, documentari e molto altro. Disponiamo di attrezzature a noleggio, droni, riprese subacquee, flotta di veicoli e tutti i permessi necessari per il vostro progetto.<\/p>\n<\/div><\/div><div class=\"w-separator size_small\"><\/div><div class=\"w-btn-wrapper align_center\"><a class=\"w-btn us-btn-style_1\" href=\"https:\/\/www.canary-productions.com\/it\/attrezzature-proprie-servizi-completi\/\"><span class=\"w-btn-label\">SCOPRI DI PI\u00d9<\/span><\/a><\/div><\/div><\/div><\/div><\/div><\/section><section class=\"l-section wpb_row us_custom_6bbde437 us_animate_this height_auto width_full\"><div class=\"l-section-h i-cf\"><div class=\"g-cols vc_row via_grid cols_2 laptops-cols_inherit tablets-cols_inherit mobiles-cols_1 valign_middle type_default reversed stacking_default\"><div class=\"wpb_column vc_column_container us_custom_874534bd\"><div class=\"vc_column-inner\"><div class=\"w-separator size_small\"><\/div><h3 class=\"w-text us_custom_eb849559\"><span class=\"w-text-h\"><span class=\"w-text-value\">Pubblicit\u00e0 e spot<\/span><\/span><\/h3><div class=\"wpb_text_column\"><div class=\"wpb_wrapper\"><p style=\"text-align: center;\">Gli spot sono uno dei nostri lavori pi\u00f9 importante. Ne produciamo durante tutto l\u2019anno grazie all\u2019incredibile clima che le Isole Canarie offrono. Una gran variet\u00e0 di marche gi\u00e0 hanno beneficiato dei nostri servizi, come Lamborghini, Suzuki, Missoni, Sony, Samsung, National Geographic.<\/p>\n<\/div><\/div><div class=\"w-separator size_small\"><\/div><div class=\"w-btn-wrapper align_center\"><a class=\"w-btn us-btn-style_1\" href=\"https:\/\/www.canary-productions.com\/it\/pubblicita-e-spot\/\"><span class=\"w-btn-label\">SCOPRI DI PI\u00d9<\/span><\/a><\/div><\/div><\/div><div class=\"wpb_column vc_column_container us_custom_da586e63 has_bg_color\"><div class=\"vc_column-inner\"><\/div><\/div><\/div><\/div><\/section><section class=\"l-section wpb_row us_custom_1bd52797 us_animate_this height_auto width_full\"><div class=\"l-section-h i-cf\"><div class=\"g-cols vc_row via_grid cols_2 laptops-cols_inherit tablets-cols_inherit mobiles-cols_1 valign_middle type_default reversed stacking_default\"><div class=\"wpb_column vc_column_container us_custom_26757f20 has_bg_color\"><div class=\"vc_column-inner\"><\/div><\/div><div class=\"wpb_column vc_column_container us_custom_cff4ca7b\"><div class=\"vc_column-inner\"><h3 class=\"w-text us_custom_eb849559\"><span class=\"w-text-h\"><span class=\"w-text-value\">Televisione &amp; Reality Show<\/span><\/span><\/h3><div class=\"w-separator hide_on_default hide_on_laptops size_small\"><\/div><div class=\"wpb_text_column\"><div class=\"wpb_wrapper\"><p style=\"text-align: center;\">Nella Canary Productions produciamo reality show, documentari, notizie, programmi televisivi, serie, speciali per la TV\u2026 Non perderti Calzedonia\u2019s Ocean Girls.<\/p>\n<\/div><\/div><div class=\"w-separator size_small\"><\/div><div class=\"w-btn-wrapper align_center\"><a class=\"w-btn us-btn-style_1\" href=\"https:\/\/www.canary-productions.com\/it\/televisione-reality-show-documentari\/\"><span class=\"w-btn-label\">SCOPRI DI PI\u00d9<\/span><\/a><\/div><\/div><\/div><\/div><\/div><\/section><section class=\"l-section wpb_row us_custom_6bbde437 us_animate_this height_auto width_full\"><div class=\"l-section-h i-cf\"><div class=\"g-cols vc_row via_grid cols_2 laptops-cols_inherit tablets-cols_inherit mobiles-cols_1 valign_middle type_default stacking_default\"><div class=\"wpb_column vc_column_container us_custom_09225396\"><div class=\"vc_column-inner\"><h3 class=\"w-text us_custom_eb849559\"><span class=\"w-text-h\"><span class=\"w-text-value\">Foto e Moda<\/span><\/span><\/h3><div class=\"w-separator hide_on_default hide_on_laptops size_small\"><\/div><div class=\"wpb_text_column\"><div class=\"wpb_wrapper\"><p style=\"text-align: center;\">Le sessioni di foto sono la nostra specialit\u00e0. Lavoriamo con i migliori fotografi, modelli e stilisti e, ovviamente, sotto qualsiasi forma e dimensione. Dai un\u2019occhiata ai nostri progetti fotografici!<\/p>\n<\/div><\/div><div class=\"w-separator size_small\"><\/div><div class=\"w-btn-wrapper align_center\"><a class=\"w-btn us-btn-style_1\" href=\"https:\/\/www.canary-productions.com\/it\/foto-e-moda\/\"><span class=\"w-btn-label\">SCOPRI DI PI\u00d9<\/span><\/a><\/div><\/div><\/div><div class=\"wpb_column vc_column_container us_custom_8a4c3860 has_bg_color\"><div class=\"vc_column-inner\"><\/div><\/div><\/div><\/div><\/section><section class=\"l-section wpb_row us_custom_80d7ea66 us_animate_this height_auto width_full\"><div class=\"l-section-h i-cf\"><div class=\"g-cols vc_row via_grid cols_2 laptops-cols_inherit tablets-cols_inherit mobiles-cols_1 valign_middle type_default stacking_default\"><div class=\"wpb_column vc_column_container us_custom_5ed39351 has_bg_color\"><div class=\"vc_column-inner\"><\/div><\/div><div class=\"wpb_column vc_column_container us_custom_6c94a238\"><div class=\"vc_column-inner\"><div class=\"w-separator hide_on_default hide_on_laptops hide_on_tablets hide_on_mobiles size_small\"><\/div><h3 class=\"w-text us_custom_eb849559\"><a href=\"https:\/\/www.canary-productions.com\/it\/videoclip\/\" class=\"w-text-h\"><span class=\"w-text-value\">Videoclips<\/span><\/a><\/h3><div class=\"wpb_text_column\"><div class=\"wpb_wrapper\"><p style=\"text-align: center;\">Nella Canary Productions apprezziamo moltissimo i video musicali. \u00c8 sempre divertente lavorare con musica, musicisti e ballerini, come nel video che abbiamo fatto per la cantante Mar\u00eda Mena.<\/p>\n<\/div><\/div><div class=\"w-separator size_small\"><\/div><div class=\"w-btn-wrapper align_center\"><a class=\"w-btn us-btn-style_1\" href=\"https:\/\/www.canary-productions.com\/it\/videoclip\/\"><span class=\"w-btn-label\">SCOPRI DI PI\u00d9<\/span><\/a><\/div><\/div><\/div><\/div><\/div><\/section><section class=\"l-section wpb_row height_medium\"><div class=\"l-section-h i-cf\"><div class=\"g-cols vc_row via_grid cols_1 laptops-cols_inherit tablets-cols_inherit mobiles-cols_1 valign_top type_default stacking_default\"><div class=\"wpb_column vc_column_container\"><div class=\"vc_column-inner\"><div class=\"w-hwrapper valign_baseline align_center\"><h3 class=\"w-text us_custom_eb849559\"><span class=\"w-text-h\"><span class=\"w-text-value\">Hai qualche domanda? Ti invitiamo a consultare le nostre<\/span><\/span><\/h3><div class=\"w-btn-wrapper align_center\"><a class=\"w-btn us-btn-style_1\" href=\"https:\/\/www.canary-productions.com\/it\/faqs\/\"><span class=\"w-btn-label\">FAQs<\/span><\/a><\/div><\/div><div class=\"wpb_text_column\"><div class=\"wpb_wrapper\"><p style=\"text-align: center;\"><b>Oppure contattaci direttamente tramite: <a href=\"mailto:info@canary-productions.com\" target=\"_blank\" rel=\"noopener\">info@canary-productions.com<\/a><\/b><\/p>\n<\/div><\/div><div class=\"w-separator size_small\"><\/div><\/div><\/div><\/div><\/div><\/section>\n","protected":false},"excerpt":{"rendered":"PRODOTTI E SERVIZILa Canary Productions \u00e8 una casa di produzione delle Isole Canarie, conosciuta per l\u2019ampia esperienza, le abilit\u00e0 logistiche e creative, e per produrre con successo film, pubblicit\u00e0, video musicali, sessioni fotografiche, televisione, reality show, documentari, ecc\u2026 Film e serieNella Canary Productions abbiamo lavorato in una gran variet\u00e0 di lungometraggi e film. Che siano...","protected":false},"author":1,"featured_media":6052,"parent":0,"menu_order":0,"comment_status":"closed","ping_status":"closed","template":"","meta":{"_joinchat":[],"footnotes":""},"class_list":["post-4568","page","type-page","status-publish","has-post-thumbnail","hentry"],"yoast_head":"<!-- This site is optimized with the Yoast SEO Premium plugin v26.2 (Yoast SEO v26.2) - https:\/\/yoast.com\/wordpress\/plugins\/seo\/ -->\n<title>Prodotti e servizi - Canary Productions | Casa di produzione delle Canarie<\/title>\n<meta name=\"description\" content=\"Casa di produzione delle Canarie con esperienza internazionale. Cinema, spot pubblicitari, videoclip e fotografia con soluzioni complete.\" \/>\n<meta name=\"robots\" content=\"index, follow, max-snippet:-1, max-image-preview:large, max-video-preview:-1\" \/>\n<link rel=\"canonical\" href=\"https:\/\/www.canary-productions.com\/it\/prodotti-e-servizi\/\" \/>\n<meta property=\"og:locale\" content=\"it_IT\" \/>\n<meta property=\"og:type\" content=\"article\" \/>\n<meta property=\"og:title\" content=\"Canary Productions - Casa di produzione e servizi di produzione per cinema, fotografia, spot pubblicitari e televisione.\" \/>\n<meta property=\"og:description\" content=\"Servizi di produzione internazionali per progetti cinematografici, fotografici, spot pubblicitari e televisivi nelle Isole Canarie.\" \/>\n<meta property=\"og:url\" content=\"https:\/\/www.canary-productions.com\/it\/prodotti-e-servizi\/\" \/>\n<meta property=\"og:site_name\" content=\"Canary Productions\" \/>\n<meta property=\"article:publisher\" content=\"https:\/\/www.facebook.com\/CanaryProductionsInternacionalServices\/\" \/>\n<meta property=\"article:modified_time\" content=\"2025-11-19T12:09:48+00:00\" \/>\n<meta property=\"og:image\" content=\"https:\/\/www.canary-productions.com\/wp-content\/uploads\/2025\/11\/canary-productions.png\" \/>\n\t<meta property=\"og:image:width\" content=\"512\" \/>\n\t<meta property=\"og:image:height\" content=\"512\" \/>\n\t<meta property=\"og:image:type\" content=\"image\/png\" \/>\n<meta name=\"twitter:card\" content=\"summary_large_image\" \/>\n<meta name=\"twitter:title\" content=\"Canary Productions - Casa di produzione e servizi di produzione per cinema, fotografia, spot pubblicitari e televisione.\" \/>\n<meta name=\"twitter:description\" content=\"Servizi di produzione internazionali per progetti cinematografici, fotografici, spot pubblicitari e televisivi nelle Isole Canarie.\" \/>\n<meta name=\"twitter:image\" content=\"https:\/\/www.canary-productions.com\/wp-content\/uploads\/2025\/11\/canary-productions-horizontal.png\" \/>\n<meta name=\"twitter:label1\" content=\"Tempo di lettura stimato\" \/>\n\t<meta name=\"twitter:data1\" content=\"3 minuti\" \/>\n<script type=\"application\/ld+json\" class=\"yoast-schema-graph\">{\"@context\":\"https:\/\/schema.org\",\"@graph\":[{\"@type\":\"WebPage\",\"@id\":\"https:\/\/www.canary-productions.com\/it\/prodotti-e-servizi\/\",\"url\":\"https:\/\/www.canary-productions.com\/it\/prodotti-e-servizi\/\",\"name\":\"Prodotti e servizi - Canary Productions | Casa di produzione delle Canarie\",\"isPartOf\":{\"@id\":\"https:\/\/www.canary-productions.com\/it\/#website\"},\"primaryImageOfPage\":{\"@id\":\"https:\/\/www.canary-productions.com\/it\/prodotti-e-servizi\/#primaryimage\"},\"image\":{\"@id\":\"https:\/\/www.canary-productions.com\/it\/prodotti-e-servizi\/#primaryimage\"},\"thumbnailUrl\":\"https:\/\/www.canary-productions.com\/wp-content\/uploads\/2025\/11\/canary-productions.png\",\"datePublished\":\"2024-09-17T13:23:59+00:00\",\"dateModified\":\"2025-11-19T12:09:48+00:00\",\"description\":\"Casa di produzione delle Canarie con esperienza internazionale. Cinema, spot pubblicitari, videoclip e fotografia con soluzioni complete.\",\"breadcrumb\":{\"@id\":\"https:\/\/www.canary-productions.com\/it\/prodotti-e-servizi\/#breadcrumb\"},\"inLanguage\":\"it-IT\",\"potentialAction\":[{\"@type\":\"ReadAction\",\"target\":[\"https:\/\/www.canary-productions.com\/it\/prodotti-e-servizi\/\"]}]},{\"@type\":\"ImageObject\",\"inLanguage\":\"it-IT\",\"@id\":\"https:\/\/www.canary-productions.com\/it\/prodotti-e-servizi\/#primaryimage\",\"url\":\"https:\/\/www.canary-productions.com\/wp-content\/uploads\/2025\/11\/canary-productions.png\",\"contentUrl\":\"https:\/\/www.canary-productions.com\/wp-content\/uploads\/2025\/11\/canary-productions.png\",\"width\":512,\"height\":512,\"caption\":\"canary productions\"},{\"@type\":\"BreadcrumbList\",\"@id\":\"https:\/\/www.canary-productions.com\/it\/prodotti-e-servizi\/#breadcrumb\",\"itemListElement\":[{\"@type\":\"ListItem\",\"position\":1,\"name\":\"Portada\",\"item\":\"https:\/\/www.canary-productions.com\/it\/\"},{\"@type\":\"ListItem\",\"position\":2,\"name\":\"Prodotti e servizi\"}]},{\"@type\":\"WebSite\",\"@id\":\"https:\/\/www.canary-productions.com\/it\/#website\",\"url\":\"https:\/\/www.canary-productions.com\/it\/\",\"name\":\"Canary Productions\",\"description\":\"Servicios de producci\u00f3n internacional para cine, fotograf\u00eda, anuncios publicitarios y proyectos televisivos en las Islas Canarias.\",\"publisher\":{\"@id\":\"https:\/\/www.canary-productions.com\/it\/#organization\"},\"potentialAction\":[{\"@type\":\"SearchAction\",\"target\":{\"@type\":\"EntryPoint\",\"urlTemplate\":\"https:\/\/www.canary-productions.com\/it\/?s={search_term_string}\"},\"query-input\":{\"@type\":\"PropertyValueSpecification\",\"valueRequired\":true,\"valueName\":\"search_term_string\"}}],\"inLanguage\":\"it-IT\"},{\"@type\":[\"Organization\",\"Place\"],\"@id\":\"https:\/\/www.canary-productions.com\/it\/#organization\",\"name\":\"Canary Productions\",\"alternateName\":\"Canary Productions\",\"url\":\"https:\/\/www.canary-productions.com\/it\/\",\"logo\":{\"@id\":\"https:\/\/www.canary-productions.com\/it\/prodotti-e-servizi\/#local-main-organization-logo\"},\"image\":{\"@id\":\"https:\/\/www.canary-productions.com\/it\/prodotti-e-servizi\/#local-main-organization-logo\"},\"sameAs\":[\"https:\/\/www.facebook.com\/CanaryProductionsInternacionalServices\/\",\"https:\/\/www.instagram.com\/canaryproductions\/\",\"https:\/\/vimeo.com\/canaryproductions\",\"https:\/\/www.linkedin.com\/company\/canary-productions-inc\/\",\"https:\/\/www.imdb.com\/name\/nm0956893\/?ref_=nv_sr_srsg_4_tt_0_nm_8_in_0_q_gadi\"],\"description\":\"Canary Productions es conocida por su amplia experiencia, sus habilidades log\u00edsticas y creativas, y por producir con \u00e9xito pel\u00edculas, anuncios, videos musicales, sesiones fotogr\u00e1ficas, televisi\u00f3n, reality, documentales, etc.\",\"telephone\":[],\"openingHoursSpecification\":[{\"@type\":\"OpeningHoursSpecification\",\"dayOfWeek\":[\"Monday\",\"Tuesday\",\"Wednesday\",\"Thursday\",\"Friday\",\"Saturday\",\"Sunday\"],\"opens\":\"09:00\",\"closes\":\"17:00\"}]},{\"@type\":\"ImageObject\",\"inLanguage\":\"it-IT\",\"@id\":\"https:\/\/www.canary-productions.com\/it\/prodotti-e-servizi\/#local-main-organization-logo\",\"url\":\"https:\/\/www.canary-productions.com\/wp-content\/uploads\/2025\/11\/canary-productions.png\",\"contentUrl\":\"https:\/\/www.canary-productions.com\/wp-content\/uploads\/2025\/11\/canary-productions.png\",\"width\":512,\"height\":512,\"caption\":\"Canary Productions\"}]}<\/script>\n<!-- \/ Yoast SEO Premium plugin. -->","yoast_head_json":{"title":"Prodotti e servizi - Canary Productions | Casa di produzione delle Canarie","description":"Casa di produzione delle Canarie con esperienza internazionale. Cinema, spot pubblicitari, videoclip e fotografia con soluzioni complete.","robots":{"index":"index","follow":"follow","max-snippet":"max-snippet:-1","max-image-preview":"max-image-preview:large","max-video-preview":"max-video-preview:-1"},"canonical":"https:\/\/www.canary-productions.com\/it\/prodotti-e-servizi\/","og_locale":"it_IT","og_type":"article","og_title":"Canary Productions - Casa di produzione e servizi di produzione per cinema, fotografia, spot pubblicitari e televisione.","og_description":"Servizi di produzione internazionali per progetti cinematografici, fotografici, spot pubblicitari e televisivi nelle Isole Canarie.","og_url":"https:\/\/www.canary-productions.com\/it\/prodotti-e-servizi\/","og_site_name":"Canary Productions","article_publisher":"https:\/\/www.facebook.com\/CanaryProductionsInternacionalServices\/","article_modified_time":"2025-11-19T12:09:48+00:00","og_image":[{"width":512,"height":512,"url":"https:\/\/www.canary-productions.com\/wp-content\/uploads\/2025\/11\/canary-productions.png","type":"image\/png"}],"twitter_card":"summary_large_image","twitter_title":"Canary Productions - Casa di produzione e servizi di produzione per cinema, fotografia, spot pubblicitari e televisione.","twitter_description":"Servizi di produzione internazionali per progetti cinematografici, fotografici, spot pubblicitari e televisivi nelle Isole Canarie.","twitter_image":"https:\/\/www.canary-productions.com\/wp-content\/uploads\/2025\/11\/canary-productions-horizontal.png","twitter_misc":{"Tempo di lettura stimato":"3 minuti"},"schema":{"@context":"https:\/\/schema.org","@graph":[{"@type":"WebPage","@id":"https:\/\/www.canary-productions.com\/it\/prodotti-e-servizi\/","url":"https:\/\/www.canary-productions.com\/it\/prodotti-e-servizi\/","name":"Prodotti e servizi - Canary Productions | Casa di produzione delle Canarie","isPartOf":{"@id":"https:\/\/www.canary-productions.com\/it\/#website"},"primaryImageOfPage":{"@id":"https:\/\/www.canary-productions.com\/it\/prodotti-e-servizi\/#primaryimage"},"image":{"@id":"https:\/\/www.canary-productions.com\/it\/prodotti-e-servizi\/#primaryimage"},"thumbnailUrl":"https:\/\/www.canary-productions.com\/wp-content\/uploads\/2025\/11\/canary-productions.png","datePublished":"2024-09-17T13:23:59+00:00","dateModified":"2025-11-19T12:09:48+00:00","description":"Casa di produzione delle Canarie con esperienza internazionale. Cinema, spot pubblicitari, videoclip e fotografia con soluzioni complete.","breadcrumb":{"@id":"https:\/\/www.canary-productions.com\/it\/prodotti-e-servizi\/#breadcrumb"},"inLanguage":"it-IT","potentialAction":[{"@type":"ReadAction","target":["https:\/\/www.canary-productions.com\/it\/prodotti-e-servizi\/"]}]},{"@type":"ImageObject","inLanguage":"it-IT","@id":"https:\/\/www.canary-productions.com\/it\/prodotti-e-servizi\/#primaryimage","url":"https:\/\/www.canary-productions.com\/wp-content\/uploads\/2025\/11\/canary-productions.png","contentUrl":"https:\/\/www.canary-productions.com\/wp-content\/uploads\/2025\/11\/canary-productions.png","width":512,"height":512,"caption":"canary productions"},{"@type":"BreadcrumbList","@id":"https:\/\/www.canary-productions.com\/it\/prodotti-e-servizi\/#breadcrumb","itemListElement":[{"@type":"ListItem","position":1,"name":"Portada","item":"https:\/\/www.canary-productions.com\/it\/"},{"@type":"ListItem","position":2,"name":"Prodotti e servizi"}]},{"@type":"WebSite","@id":"https:\/\/www.canary-productions.com\/it\/#website","url":"https:\/\/www.canary-productions.com\/it\/","name":"Canary Productions","description":"Servicios de producci\u00f3n internacional para cine, fotograf\u00eda, anuncios publicitarios y proyectos televisivos en las Islas Canarias.","publisher":{"@id":"https:\/\/www.canary-productions.com\/it\/#organization"},"potentialAction":[{"@type":"SearchAction","target":{"@type":"EntryPoint","urlTemplate":"https:\/\/www.canary-productions.com\/it\/?s={search_term_string}"},"query-input":{"@type":"PropertyValueSpecification","valueRequired":true,"valueName":"search_term_string"}}],"inLanguage":"it-IT"},{"@type":["Organization","Place"],"@id":"https:\/\/www.canary-productions.com\/it\/#organization","name":"Canary Productions","alternateName":"Canary Productions","url":"https:\/\/www.canary-productions.com\/it\/","logo":{"@id":"https:\/\/www.canary-productions.com\/it\/prodotti-e-servizi\/#local-main-organization-logo"},"image":{"@id":"https:\/\/www.canary-productions.com\/it\/prodotti-e-servizi\/#local-main-organization-logo"},"sameAs":["https:\/\/www.facebook.com\/CanaryProductionsInternacionalServices\/","https:\/\/www.instagram.com\/canaryproductions\/","https:\/\/vimeo.com\/canaryproductions","https:\/\/www.linkedin.com\/company\/canary-productions-inc\/","https:\/\/www.imdb.com\/name\/nm0956893\/?ref_=nv_sr_srsg_4_tt_0_nm_8_in_0_q_gadi"],"description":"Canary Productions es conocida por su amplia experiencia, sus habilidades log\u00edsticas y creativas, y por producir con \u00e9xito pel\u00edculas, anuncios, videos musicales, sesiones fotogr\u00e1ficas, televisi\u00f3n, reality, documentales, etc.","telephone":[],"openingHoursSpecification":[{"@type":"OpeningHoursSpecification","dayOfWeek":["Monday","Tuesday","Wednesday","Thursday","Friday","Saturday","Sunday"],"opens":"09:00","closes":"17:00"}]},{"@type":"ImageObject","inLanguage":"it-IT","@id":"https:\/\/www.canary-productions.com\/it\/prodotti-e-servizi\/#local-main-organization-logo","url":"https:\/\/www.canary-productions.com\/wp-content\/uploads\/2025\/11\/canary-productions.png","contentUrl":"https:\/\/www.canary-productions.com\/wp-content\/uploads\/2025\/11\/canary-productions.png","width":512,"height":512,"caption":"Canary Productions"}]}},"_links":{"self":[{"href":"https:\/\/www.canary-productions.com\/it\/wp-json\/wp\/v2\/pages\/4568","targetHints":{"allow":["GET"]}}],"collection":[{"href":"https:\/\/www.canary-productions.com\/it\/wp-json\/wp\/v2\/pages"}],"about":[{"href":"https:\/\/www.canary-productions.com\/it\/wp-json\/wp\/v2\/types\/page"}],"author":[{"embeddable":true,"href":"https:\/\/www.canary-productions.com\/it\/wp-json\/wp\/v2\/users\/1"}],"replies":[{"embeddable":true,"href":"https:\/\/www.canary-productions.com\/it\/wp-json\/wp\/v2\/comments?post=4568"}],"version-history":[{"count":0,"href":"https:\/\/www.canary-productions.com\/it\/wp-json\/wp\/v2\/pages\/4568\/revisions"}],"wp:featuredmedia":[{"embeddable":true,"href":"https:\/\/www.canary-productions.com\/it\/wp-json\/wp\/v2\/media\/6052"}],"wp:attachment":[{"href":"https:\/\/www.canary-productions.com\/it\/wp-json\/wp\/v2\/media?parent=4568"}],"curies":[{"name":"wp","href":"https:\/\/api.w.org\/{rel}","templated":true}]}}