{"id":5129,"date":"2024-10-07T15:42:31","date_gmt":"2024-10-07T13:42:31","guid":{"rendered":"https:\/\/www.canary-productions.com\/?page_id=5129"},"modified":"2025-11-19T12:41:39","modified_gmt":"2025-11-19T11:41:39","slug":"attrezzature-proprie-servizi-completi","status":"publish","type":"page","link":"https:\/\/www.canary-productions.com\/it\/attrezzature-proprie-servizi-completi\/","title":{"rendered":"Attrezzature proprie\/servizi completi"},"content":{"rendered":"<section class=\"l-section wpb_row height_small\"><div class=\"l-section-h i-cf\"><div class=\"g-cols vc_row via_grid cols_1 laptops-cols_inherit tablets-cols_inherit mobiles-cols_1 valign_top type_default stacking_default\"><div class=\"wpb_column vc_column_container\"><div class=\"vc_column-inner\"><h1 class=\"w-text us_custom_306a6d91\"><span class=\"w-text-h\"><span class=\"w-text-value\">Attrezzature proprie\/servizi completi<\/span><\/span><\/h1><div class=\"w-separator size_small\"><\/div><div class=\"wpb_text_column us_custom_c96a8a09\"><div class=\"wpb_wrapper\"><p style=\"text-align: center;\"><strong>In qualit\u00e0 di azienda di servizio audiovisivo integrato, offriamo:<\/strong><\/p>\n<\/div><\/div><\/div><\/div><\/div><\/div><\/section><section class=\"l-section wpb_row us_custom_5920becb us_animate_this height_auto width_full\"><div class=\"l-section-h i-cf\"><div class=\"g-cols vc_row via_grid cols_2 laptops-cols_inherit tablets-cols_inherit mobiles-cols_1 valign_middle type_default stacking_default\"><div class=\"wpb_column vc_column_container\"><div class=\"vc_column-inner\"><div class=\"wpb_text_column\"><div class=\"wpb_wrapper\"><ul>\n<li>Servizi di produzione completi per film e serie, spot pubblicitari, reality show, documentari, servizi fotografici, video musicali e molto altro.<\/li>\n<li>Servizi completi di post-produzione, compreso il montaggio di immagini, audio ed effetti visivi.<\/li>\n<li>Attrezzature complete di tutti i reparti per il cinema e la TV.<\/li>\n<li>Noleggio di attrezzature proprie, tra cui macchine fotografiche (pellicola e video digitale), obiettivi, luci e grip, equalizzatore fotografico.<\/li>\n<\/ul>\n<\/div><\/div><div class=\"w-separator size_medium\"><\/div><div class=\"w-image hide_on_default hide_on_laptops align_none\"><div class=\"w-image-h\"><img decoding=\"async\" width=\"1024\" height=\"901\" src=\"https:\/\/www.canary-productions.com\/wp-content\/uploads\/2024\/11\/equipamiento-interno-1024x901.jpg\" class=\"attachment-large size-large\" alt=\"\" srcset=\"https:\/\/www.canary-productions.com\/wp-content\/uploads\/2024\/11\/equipamiento-interno-1024x901.jpg 1024w, https:\/\/www.canary-productions.com\/wp-content\/uploads\/2024\/11\/equipamiento-interno-300x264.jpg 300w, https:\/\/www.canary-productions.com\/wp-content\/uploads\/2024\/11\/equipamiento-interno.jpg 1080w\" sizes=\"(max-width: 1024px) 100vw, 1024px\" \/><\/div><\/div><\/div><\/div><div class=\"wpb_column vc_column_container us_custom_ba9c0b45 hide_on_tablets hide_on_mobiles has_bg_color\"><div class=\"vc_column-inner\"><\/div><\/div><\/div><\/div><\/section><section class=\"l-section wpb_row us_custom_ddb66dcd us_animate_this height_auto width_full\"><div class=\"l-section-h i-cf\"><div class=\"g-cols vc_row via_grid cols_2 laptops-cols_inherit tablets-cols_inherit mobiles-cols_1 valign_middle type_default stacking_default\"><div class=\"wpb_column vc_column_container us_custom_7ed1bebe hide_on_tablets hide_on_mobiles has_bg_color\"><div class=\"vc_column-inner\"><\/div><\/div><div class=\"wpb_column vc_column_container\"><div class=\"vc_column-inner\"><div class=\"wpb_text_column\"><div class=\"wpb_wrapper\"><ul>\n<li class=\"ult-responsive info-list-heading\" data-ultimate-target=\"#Info-list-wrap-8873 h3\" data-responsive-json-new=\"{\">Droni registrati in Spagna per tutti i tipi di telecamere e riprese, con piloti e operatori locali molto esperti.<\/li>\n<li class=\"ult-responsive info-list-heading\" data-ultimate-target=\"#Info-list-wrap-8873 h3\" data-responsive-json-new=\"{\">Servizio completo di riprese subacquee e marine.<\/li>\n<li class=\"ult-responsive info-list-heading\" data-ultimate-target=\"#Info-list-wrap-8873 h3\" data-responsive-json-new=\"{\">Flotta completa di veicoli (furgoni per passeggeri, camion con telecamera\/EQ, camper, generatori).<\/li>\n<li class=\"ult-responsive info-list-heading\" data-ultimate-target=\"#Info-list-wrap-8873 h3\" data-responsive-json-new=\"{\">Assicurazione di produzione<\/li>\n<li class=\"ult-responsive info-list-heading\" data-ultimate-target=\"#Info-list-wrap-8873 h3\" data-responsive-json-new=\"{\">Permessi di localizzazione<\/li>\n<li>Tutte le esigenze integrali per la vostra produzione.<\/li>\n<\/ul>\n<\/div><\/div><div class=\"w-separator size_medium\"><\/div><div class=\"w-image hide_on_default hide_on_laptops align_none\"><div class=\"w-image-h\"><img decoding=\"async\" width=\"1024\" height=\"880\" src=\"https:\/\/www.canary-productions.com\/wp-content\/uploads\/2024\/11\/equipamiento-interno_dron-1024x880.jpg\" class=\"attachment-large size-large\" alt=\"\" srcset=\"https:\/\/www.canary-productions.com\/wp-content\/uploads\/2024\/11\/equipamiento-interno_dron-1024x880.jpg 1024w, https:\/\/www.canary-productions.com\/wp-content\/uploads\/2024\/11\/equipamiento-interno_dron-300x258.jpg 300w, https:\/\/www.canary-productions.com\/wp-content\/uploads\/2024\/11\/equipamiento-interno_dron.jpg 1080w\" sizes=\"(max-width: 1024px) 100vw, 1024px\" \/><\/div><\/div><\/div><\/div><\/div><\/div><\/section>\n","protected":false},"excerpt":{"rendered":"Attrezzature proprie\/servizi completiIn qualit\u00e0 di azienda di servizio audiovisivo integrato, offriamo: Servizi di produzione completi per film e serie, spot pubblicitari, reality show, documentari, servizi fotografici, video musicali e molto altro. Servizi completi di post-produzione, compreso il montaggio di immagini, audio ed effetti visivi. Attrezzature complete di tutti i reparti per il cinema e la...","protected":false},"author":1,"featured_media":6052,"parent":0,"menu_order":0,"comment_status":"closed","ping_status":"closed","template":"","meta":{"_joinchat":[],"footnotes":""},"class_list":["post-5129","page","type-page","status-publish","has-post-thumbnail","hentry"],"yoast_head":"<!-- This site is optimized with the Yoast SEO Premium plugin v26.2 (Yoast SEO v26.2) - https:\/\/yoast.com\/wordpress\/plugins\/seo\/ -->\n<title>Canary Productions | Casa di produzione con attrezzature proprie e servizio audiovisivo<\/title>\n<meta name=\"description\" content=\"Servizi audiovisivi nelle Canarie con attrezzature proprie. Produzione e post-produzione, droni, logistica e tutto ci\u00f2 di cui hai bisogno.\" \/>\n<meta name=\"robots\" content=\"index, follow, max-snippet:-1, max-image-preview:large, max-video-preview:-1\" \/>\n<link rel=\"canonical\" href=\"https:\/\/www.canary-productions.com\/it\/attrezzature-proprie-servizi-completi\/\" \/>\n<meta property=\"og:locale\" content=\"it_IT\" \/>\n<meta property=\"og:type\" content=\"article\" \/>\n<meta property=\"og:title\" content=\"Canary Productions - Casa di produzione e servizi di produzione per cinema, fotografia, spot pubblicitari e televisione.\" \/>\n<meta property=\"og:description\" content=\"Servizi di produzione internazionali per progetti cinematografici, fotografici, spot pubblicitari e televisivi nelle Isole Canarie.\" \/>\n<meta property=\"og:url\" content=\"https:\/\/www.canary-productions.com\/it\/attrezzature-proprie-servizi-completi\/\" \/>\n<meta property=\"og:site_name\" content=\"Canary Productions\" \/>\n<meta property=\"article:publisher\" content=\"https:\/\/www.facebook.com\/CanaryProductionsInternacionalServices\/\" \/>\n<meta property=\"article:modified_time\" content=\"2025-11-19T11:41:39+00:00\" \/>\n<meta property=\"og:image\" content=\"https:\/\/www.canary-productions.com\/wp-content\/uploads\/2025\/11\/canary-productions.png\" \/>\n\t<meta property=\"og:image:width\" content=\"512\" \/>\n\t<meta property=\"og:image:height\" content=\"512\" \/>\n\t<meta property=\"og:image:type\" content=\"image\/png\" \/>\n<meta name=\"twitter:card\" content=\"summary_large_image\" \/>\n<meta name=\"twitter:title\" content=\"Canary Productions - Casa di produzione e servizi di produzione per cinema, fotografia, spot pubblicitari e televisione.\" \/>\n<meta name=\"twitter:description\" content=\"Servizi di produzione internazionali per progetti cinematografici, fotografici, spot pubblicitari e televisivi nelle Isole Canarie.\" \/>\n<meta name=\"twitter:image\" content=\"https:\/\/www.canary-productions.com\/wp-content\/uploads\/2025\/11\/canary-productions-horizontal.png\" \/>\n<meta name=\"twitter:label1\" content=\"Tempo di lettura stimato\" \/>\n\t<meta name=\"twitter:data1\" content=\"2 minuti\" \/>\n<script type=\"application\/ld+json\" class=\"yoast-schema-graph\">{\"@context\":\"https:\/\/schema.org\",\"@graph\":[{\"@type\":\"WebPage\",\"@id\":\"https:\/\/www.canary-productions.com\/it\/attrezzature-proprie-servizi-completi\/\",\"url\":\"https:\/\/www.canary-productions.com\/it\/attrezzature-proprie-servizi-completi\/\",\"name\":\"Canary Productions | Casa di produzione con attrezzature proprie e servizio audiovisivo\",\"isPartOf\":{\"@id\":\"https:\/\/www.canary-productions.com\/it\/#website\"},\"primaryImageOfPage\":{\"@id\":\"https:\/\/www.canary-productions.com\/it\/attrezzature-proprie-servizi-completi\/#primaryimage\"},\"image\":{\"@id\":\"https:\/\/www.canary-productions.com\/it\/attrezzature-proprie-servizi-completi\/#primaryimage\"},\"thumbnailUrl\":\"https:\/\/www.canary-productions.com\/wp-content\/uploads\/2025\/11\/canary-productions.png\",\"datePublished\":\"2024-10-07T13:42:31+00:00\",\"dateModified\":\"2025-11-19T11:41:39+00:00\",\"description\":\"Servizi audiovisivi nelle Canarie con attrezzature proprie. Produzione e post-produzione, droni, logistica e tutto ci\u00f2 di cui hai bisogno.\",\"breadcrumb\":{\"@id\":\"https:\/\/www.canary-productions.com\/it\/attrezzature-proprie-servizi-completi\/#breadcrumb\"},\"inLanguage\":\"it-IT\",\"potentialAction\":[{\"@type\":\"ReadAction\",\"target\":[\"https:\/\/www.canary-productions.com\/it\/attrezzature-proprie-servizi-completi\/\"]}]},{\"@type\":\"ImageObject\",\"inLanguage\":\"it-IT\",\"@id\":\"https:\/\/www.canary-productions.com\/it\/attrezzature-proprie-servizi-completi\/#primaryimage\",\"url\":\"https:\/\/www.canary-productions.com\/wp-content\/uploads\/2025\/11\/canary-productions.png\",\"contentUrl\":\"https:\/\/www.canary-productions.com\/wp-content\/uploads\/2025\/11\/canary-productions.png\",\"width\":512,\"height\":512,\"caption\":\"canary productions\"},{\"@type\":\"BreadcrumbList\",\"@id\":\"https:\/\/www.canary-productions.com\/it\/attrezzature-proprie-servizi-completi\/#breadcrumb\",\"itemListElement\":[{\"@type\":\"ListItem\",\"position\":1,\"name\":\"Portada\",\"item\":\"https:\/\/www.canary-productions.com\/it\/\"},{\"@type\":\"ListItem\",\"position\":2,\"name\":\"Attrezzature proprie\/servizi completi\"}]},{\"@type\":\"WebSite\",\"@id\":\"https:\/\/www.canary-productions.com\/it\/#website\",\"url\":\"https:\/\/www.canary-productions.com\/it\/\",\"name\":\"Canary Productions\",\"description\":\"Servicios de producci\u00f3n internacional para cine, fotograf\u00eda, anuncios publicitarios y proyectos televisivos en las Islas Canarias.\",\"publisher\":{\"@id\":\"https:\/\/www.canary-productions.com\/it\/#organization\"},\"potentialAction\":[{\"@type\":\"SearchAction\",\"target\":{\"@type\":\"EntryPoint\",\"urlTemplate\":\"https:\/\/www.canary-productions.com\/it\/?s={search_term_string}\"},\"query-input\":{\"@type\":\"PropertyValueSpecification\",\"valueRequired\":true,\"valueName\":\"search_term_string\"}}],\"inLanguage\":\"it-IT\"},{\"@type\":[\"Organization\",\"Place\"],\"@id\":\"https:\/\/www.canary-productions.com\/it\/#organization\",\"name\":\"Canary Productions\",\"alternateName\":\"Canary Productions\",\"url\":\"https:\/\/www.canary-productions.com\/it\/\",\"logo\":{\"@id\":\"https:\/\/www.canary-productions.com\/it\/attrezzature-proprie-servizi-completi\/#local-main-organization-logo\"},\"image\":{\"@id\":\"https:\/\/www.canary-productions.com\/it\/attrezzature-proprie-servizi-completi\/#local-main-organization-logo\"},\"sameAs\":[\"https:\/\/www.facebook.com\/CanaryProductionsInternacionalServices\/\",\"https:\/\/www.instagram.com\/canaryproductions\/\",\"https:\/\/vimeo.com\/canaryproductions\",\"https:\/\/www.linkedin.com\/company\/canary-productions-inc\/\",\"https:\/\/www.imdb.com\/name\/nm0956893\/?ref_=nv_sr_srsg_4_tt_0_nm_8_in_0_q_gadi\"],\"description\":\"Canary Productions es conocida por su amplia experiencia, sus habilidades log\u00edsticas y creativas, y por producir con \u00e9xito pel\u00edculas, anuncios, videos musicales, sesiones fotogr\u00e1ficas, televisi\u00f3n, reality, documentales, etc.\",\"telephone\":[],\"openingHoursSpecification\":[{\"@type\":\"OpeningHoursSpecification\",\"dayOfWeek\":[\"Monday\",\"Tuesday\",\"Wednesday\",\"Thursday\",\"Friday\",\"Saturday\",\"Sunday\"],\"opens\":\"09:00\",\"closes\":\"17:00\"}]},{\"@type\":\"ImageObject\",\"inLanguage\":\"it-IT\",\"@id\":\"https:\/\/www.canary-productions.com\/it\/attrezzature-proprie-servizi-completi\/#local-main-organization-logo\",\"url\":\"https:\/\/www.canary-productions.com\/wp-content\/uploads\/2025\/11\/canary-productions.png\",\"contentUrl\":\"https:\/\/www.canary-productions.com\/wp-content\/uploads\/2025\/11\/canary-productions.png\",\"width\":512,\"height\":512,\"caption\":\"Canary Productions\"}]}<\/script>\n<!-- \/ Yoast SEO Premium plugin. -->","yoast_head_json":{"title":"Canary Productions | Casa di produzione con attrezzature proprie e servizio audiovisivo","description":"Servizi audiovisivi nelle Canarie con attrezzature proprie. Produzione e post-produzione, droni, logistica e tutto ci\u00f2 di cui hai bisogno.","robots":{"index":"index","follow":"follow","max-snippet":"max-snippet:-1","max-image-preview":"max-image-preview:large","max-video-preview":"max-video-preview:-1"},"canonical":"https:\/\/www.canary-productions.com\/it\/attrezzature-proprie-servizi-completi\/","og_locale":"it_IT","og_type":"article","og_title":"Canary Productions - Casa di produzione e servizi di produzione per cinema, fotografia, spot pubblicitari e televisione.","og_description":"Servizi di produzione internazionali per progetti cinematografici, fotografici, spot pubblicitari e televisivi nelle Isole Canarie.","og_url":"https:\/\/www.canary-productions.com\/it\/attrezzature-proprie-servizi-completi\/","og_site_name":"Canary Productions","article_publisher":"https:\/\/www.facebook.com\/CanaryProductionsInternacionalServices\/","article_modified_time":"2025-11-19T11:41:39+00:00","og_image":[{"width":512,"height":512,"url":"https:\/\/www.canary-productions.com\/wp-content\/uploads\/2025\/11\/canary-productions.png","type":"image\/png"}],"twitter_card":"summary_large_image","twitter_title":"Canary Productions - Casa di produzione e servizi di produzione per cinema, fotografia, spot pubblicitari e televisione.","twitter_description":"Servizi di produzione internazionali per progetti cinematografici, fotografici, spot pubblicitari e televisivi nelle Isole Canarie.","twitter_image":"https:\/\/www.canary-productions.com\/wp-content\/uploads\/2025\/11\/canary-productions-horizontal.png","twitter_misc":{"Tempo di lettura stimato":"2 minuti"},"schema":{"@context":"https:\/\/schema.org","@graph":[{"@type":"WebPage","@id":"https:\/\/www.canary-productions.com\/it\/attrezzature-proprie-servizi-completi\/","url":"https:\/\/www.canary-productions.com\/it\/attrezzature-proprie-servizi-completi\/","name":"Canary Productions | Casa di produzione con attrezzature proprie e servizio audiovisivo","isPartOf":{"@id":"https:\/\/www.canary-productions.com\/it\/#website"},"primaryImageOfPage":{"@id":"https:\/\/www.canary-productions.com\/it\/attrezzature-proprie-servizi-completi\/#primaryimage"},"image":{"@id":"https:\/\/www.canary-productions.com\/it\/attrezzature-proprie-servizi-completi\/#primaryimage"},"thumbnailUrl":"https:\/\/www.canary-productions.com\/wp-content\/uploads\/2025\/11\/canary-productions.png","datePublished":"2024-10-07T13:42:31+00:00","dateModified":"2025-11-19T11:41:39+00:00","description":"Servizi audiovisivi nelle Canarie con attrezzature proprie. Produzione e post-produzione, droni, logistica e tutto ci\u00f2 di cui hai bisogno.","breadcrumb":{"@id":"https:\/\/www.canary-productions.com\/it\/attrezzature-proprie-servizi-completi\/#breadcrumb"},"inLanguage":"it-IT","potentialAction":[{"@type":"ReadAction","target":["https:\/\/www.canary-productions.com\/it\/attrezzature-proprie-servizi-completi\/"]}]},{"@type":"ImageObject","inLanguage":"it-IT","@id":"https:\/\/www.canary-productions.com\/it\/attrezzature-proprie-servizi-completi\/#primaryimage","url":"https:\/\/www.canary-productions.com\/wp-content\/uploads\/2025\/11\/canary-productions.png","contentUrl":"https:\/\/www.canary-productions.com\/wp-content\/uploads\/2025\/11\/canary-productions.png","width":512,"height":512,"caption":"canary productions"},{"@type":"BreadcrumbList","@id":"https:\/\/www.canary-productions.com\/it\/attrezzature-proprie-servizi-completi\/#breadcrumb","itemListElement":[{"@type":"ListItem","position":1,"name":"Portada","item":"https:\/\/www.canary-productions.com\/it\/"},{"@type":"ListItem","position":2,"name":"Attrezzature proprie\/servizi completi"}]},{"@type":"WebSite","@id":"https:\/\/www.canary-productions.com\/it\/#website","url":"https:\/\/www.canary-productions.com\/it\/","name":"Canary Productions","description":"Servicios de producci\u00f3n internacional para cine, fotograf\u00eda, anuncios publicitarios y proyectos televisivos en las Islas Canarias.","publisher":{"@id":"https:\/\/www.canary-productions.com\/it\/#organization"},"potentialAction":[{"@type":"SearchAction","target":{"@type":"EntryPoint","urlTemplate":"https:\/\/www.canary-productions.com\/it\/?s={search_term_string}"},"query-input":{"@type":"PropertyValueSpecification","valueRequired":true,"valueName":"search_term_string"}}],"inLanguage":"it-IT"},{"@type":["Organization","Place"],"@id":"https:\/\/www.canary-productions.com\/it\/#organization","name":"Canary Productions","alternateName":"Canary Productions","url":"https:\/\/www.canary-productions.com\/it\/","logo":{"@id":"https:\/\/www.canary-productions.com\/it\/attrezzature-proprie-servizi-completi\/#local-main-organization-logo"},"image":{"@id":"https:\/\/www.canary-productions.com\/it\/attrezzature-proprie-servizi-completi\/#local-main-organization-logo"},"sameAs":["https:\/\/www.facebook.com\/CanaryProductionsInternacionalServices\/","https:\/\/www.instagram.com\/canaryproductions\/","https:\/\/vimeo.com\/canaryproductions","https:\/\/www.linkedin.com\/company\/canary-productions-inc\/","https:\/\/www.imdb.com\/name\/nm0956893\/?ref_=nv_sr_srsg_4_tt_0_nm_8_in_0_q_gadi"],"description":"Canary Productions es conocida por su amplia experiencia, sus habilidades log\u00edsticas y creativas, y por producir con \u00e9xito pel\u00edculas, anuncios, videos musicales, sesiones fotogr\u00e1ficas, televisi\u00f3n, reality, documentales, etc.","telephone":[],"openingHoursSpecification":[{"@type":"OpeningHoursSpecification","dayOfWeek":["Monday","Tuesday","Wednesday","Thursday","Friday","Saturday","Sunday"],"opens":"09:00","closes":"17:00"}]},{"@type":"ImageObject","inLanguage":"it-IT","@id":"https:\/\/www.canary-productions.com\/it\/attrezzature-proprie-servizi-completi\/#local-main-organization-logo","url":"https:\/\/www.canary-productions.com\/wp-content\/uploads\/2025\/11\/canary-productions.png","contentUrl":"https:\/\/www.canary-productions.com\/wp-content\/uploads\/2025\/11\/canary-productions.png","width":512,"height":512,"caption":"Canary Productions"}]}},"_links":{"self":[{"href":"https:\/\/www.canary-productions.com\/it\/wp-json\/wp\/v2\/pages\/5129","targetHints":{"allow":["GET"]}}],"collection":[{"href":"https:\/\/www.canary-productions.com\/it\/wp-json\/wp\/v2\/pages"}],"about":[{"href":"https:\/\/www.canary-productions.com\/it\/wp-json\/wp\/v2\/types\/page"}],"author":[{"embeddable":true,"href":"https:\/\/www.canary-productions.com\/it\/wp-json\/wp\/v2\/users\/1"}],"replies":[{"embeddable":true,"href":"https:\/\/www.canary-productions.com\/it\/wp-json\/wp\/v2\/comments?post=5129"}],"version-history":[{"count":0,"href":"https:\/\/www.canary-productions.com\/it\/wp-json\/wp\/v2\/pages\/5129\/revisions"}],"wp:featuredmedia":[{"embeddable":true,"href":"https:\/\/www.canary-productions.com\/it\/wp-json\/wp\/v2\/media\/6052"}],"wp:attachment":[{"href":"https:\/\/www.canary-productions.com\/it\/wp-json\/wp\/v2\/media?parent=5129"}],"curies":[{"name":"wp","href":"https:\/\/api.w.org\/{rel}","templated":true}]}}